{"id":28739,"date":"2021-09-27T13:44:59","date_gmt":"2021-09-27T10:44:59","guid":{"rendered":"https:\/\/www.radiomarket.fi\/?post_type=product&#038;p=28739"},"modified":"2023-03-22T13:36:48","modified_gmt":"2023-03-22T11:36:48","slug":"ekum0299-20-luvun-ja-myoh-asteikollisia-nuppeja","status":"publish","type":"product","link":"https:\/\/www.radiomarket.fi\/en\/kohde\/ekum0299-20-luvun-ja-myoh-asteikollisia-nuppeja\/","title":{"rendered":"EKUM0299 20-luvun (ja my\u00f6h.) asteikollisia nuppeja"},"content":{"rendered":"<p>Tilatessasi ilmoitathan tuotenumeron (esim EKUA 1234) ja tilaamasi nupin paikan kuvassa (esim. toiseksi ylin rivi, toinen nuppi vasemmalta). Osa nupeista on saatettu myyd\u00e4, joten kannattaa varmistaa saatavuus etuk\u00e4teen s\u00e4hk\u00f6postitse. Voit tilata s\u00e4hk\u00f6postitse my\u00f6s siin\u00e4 tapauksessa, mik\u00e4li arvelet tuotteen sopivan kirjetoimituksena (kirjeen paksuus max 3cm).<br \/><br \/><strong>Ainakin seuraavat nupit myyty:<br \/><br \/><\/strong>Yl\u00e4rivi: ensimm\u00e4inen vasemmalta<br \/>Toiseksi ylin rivi: toinen nuppi oikealta<br \/>toiseksi alin rivi: toinen ja kolmas nuppi vasemmalta<br \/>alarivi: toinen vasemmalta<br \/><br \/>Muitakin nuppeja on saatettu myyd\u00e4, joten varmistathan saatavuuden.\u00a0<br \/><br \/>Kuvaan on laitettu malliksi yksi kutakin nuppia. Samanlaisia nuppeja voi olla varastossa enemm\u00e4nkin. Nupit ovat p\u00e4\u00e4osin k\u00e4ytettyj\u00e4, purkuradioista purettuja.<\/p>","protected":false},"excerpt":{"rendered":"<p>Tilatessasi ilmoitathan tuotenumeron (esim EKUA 1234) ja tilaamasi nupin paikan kuvassa (esim. toiseksi ylin rivi, toinen nuppi vasemmalta). Osa nupeista on saatettu myyd\u00e4, joten kannattaa varmistaa saatavuus etuk\u00e4teen s\u00e4hk\u00f6postitse. Voit tilata s\u00e4hk\u00f6postitse my\u00f6s siin\u00e4 tapauksessa, mik\u00e4li arvelet tuotteen sopivan kirjetoimituksena (kirjeen paksuus max 3cm).Ainakin seuraavat nupit myyty:Yl\u00e4rivi: ensimm\u00e4inen vasemmaltaToiseksi ylin rivi: toinen nuppi oikealtatoiseksi alin &hellip;<\/p>\n<p class=\"read-more\"> <a class=\"thunk-readmore button\" href=\"https:\/\/www.radiomarket.fi\/en\/kohde\/ekum0299-20-luvun-ja-myoh-asteikollisia-nuppeja\/\"> <span class=\"screen-reader-text\">EKUM0299 20-luvun (ja my\u00f6h.) asteikollisia nuppeja<\/span>Read More<\/a><\/p>","protected":false},"featured_media":28740,"template":"","meta":[],"_links":{"self":[{"href":"https:\/\/www.radiomarket.fi\/en\/wp-json\/wp\/v2\/product\/28739"}],"collection":[{"href":"https:\/\/www.radiomarket.fi\/en\/wp-json\/wp\/v2\/product"}],"about":[{"href":"https:\/\/www.radiomarket.fi\/en\/wp-json\/wp\/v2\/types\/product"}],"wp:featuredmedia":[{"embeddable":true,"href":"https:\/\/www.radiomarket.fi\/en\/wp-json\/wp\/v2\/media\/28740"}],"wp:attachment":[{"href":"https:\/\/www.radiomarket.fi\/en\/wp-json\/wp\/v2\/media?parent=28739"}],"curies":[{"name":"wp","href":"https:\/\/api.w.org\/{rel}","templated":true}]}}