{"id":28773,"date":"2024-02-04T14:05:37","date_gmt":"2024-02-04T12:05:37","guid":{"rendered":"https:\/\/www.radiomarket.fi\/?post_type=product&#038;p=28773"},"modified":"2024-02-04T14:53:48","modified_gmt":"2024-02-04T12:53:48","slug":"ekun0019-grundig-tk-17-de-luxe","status":"publish","type":"product","link":"https:\/\/www.radiomarket.fi\/en\/kohde\/ekun0019-grundig-tk-17-de-luxe\/","title":{"rendered":"EKUN0019 Grundig TK 17 SK de luxe h"},"content":{"rendered":"<p>Edest\u00e4 puuttuu tummaa pinnoitetta. Ep\u00e4siisti, mutta vaikuttaa p\u00e4\u00e4llep\u00e4in muuten kokonaiselta. Virtajohtoa vuoltu.<\/p>","protected":false},"excerpt":{"rendered":"<p>Edest\u00e4 puuttuu tummaa pinnoitetta. Ep\u00e4siisti, mutta vaikuttaa p\u00e4\u00e4llep\u00e4in muuten kokonaiselta. Virtajohtoa vuoltu.<\/p>","protected":false},"featured_media":28774,"template":"","meta":[],"_links":{"self":[{"href":"https:\/\/www.radiomarket.fi\/en\/wp-json\/wp\/v2\/product\/28773"}],"collection":[{"href":"https:\/\/www.radiomarket.fi\/en\/wp-json\/wp\/v2\/product"}],"about":[{"href":"https:\/\/www.radiomarket.fi\/en\/wp-json\/wp\/v2\/types\/product"}],"wp:featuredmedia":[{"embeddable":true,"href":"https:\/\/www.radiomarket.fi\/en\/wp-json\/wp\/v2\/media\/28774"}],"wp:attachment":[{"href":"https:\/\/www.radiomarket.fi\/en\/wp-json\/wp\/v2\/media?parent=28773"}],"curies":[{"name":"wp","href":"https:\/\/api.w.org\/{rel}","templated":true}]}}