{"id":28840,"date":"2021-10-03T17:11:32","date_gmt":"2021-10-03T14:11:32","guid":{"rendered":"https:\/\/www.radiomarket.fi\/?post_type=product&#038;p=28840"},"modified":"2022-07-26T15:02:54","modified_gmt":"2022-07-26T12:02:54","slug":"ekum0081-orion-oriona-phono-322-gr","status":"publish","type":"product","link":"https:\/\/www.radiomarket.fi\/en\/kohde\/ekum0081-orion-oriona-phono-322-gr\/","title":{"rendered":"EKUM0081 Orion Oriona-Phono 322-Gr"},"content":{"rendered":"<p>Kansi puuttuu. Levysoitin Philips. Varastoitaessa p\u00e4\u00e4llep\u00e4in siisti. Tilaa tarvitsemasi osat s\u00e4hk\u00f6postitse.\u00a0<\/p>","protected":false},"excerpt":{"rendered":"<p>Kansi puuttuu. Levysoitin Philips. Varastoitaessa p\u00e4\u00e4llep\u00e4in siisti. Tilaa tarvitsemasi osat s\u00e4hk\u00f6postitse.\u00a0<\/p>","protected":false},"featured_media":28847,"template":"","meta":[],"_links":{"self":[{"href":"https:\/\/www.radiomarket.fi\/en\/wp-json\/wp\/v2\/product\/28840"}],"collection":[{"href":"https:\/\/www.radiomarket.fi\/en\/wp-json\/wp\/v2\/product"}],"about":[{"href":"https:\/\/www.radiomarket.fi\/en\/wp-json\/wp\/v2\/types\/product"}],"wp:featuredmedia":[{"embeddable":true,"href":"https:\/\/www.radiomarket.fi\/en\/wp-json\/wp\/v2\/media\/28847"}],"wp:attachment":[{"href":"https:\/\/www.radiomarket.fi\/en\/wp-json\/wp\/v2\/media?parent=28840"}],"curies":[{"name":"wp","href":"https:\/\/api.w.org\/{rel}","templated":true}]}}