{"id":28870,"date":"2021-10-04T14:51:07","date_gmt":"2021-10-04T11:51:07","guid":{"rendered":"https:\/\/www.radiomarket.fi\/?post_type=product&#038;p=28870"},"modified":"2021-10-05T15:27:41","modified_gmt":"2021-10-05T12:27:41","slug":"ekum0201-helkama-forte-ts-875-w","status":"publish","type":"product","link":"https:\/\/www.radiomarket.fi\/en\/kohde\/ekum0201-helkama-forte-ts-875-w\/","title":{"rendered":"EKUM0401 Helkama Forte TS 875 W"},"content":{"rendered":"<p>Ei nuppeja. Ei kaiuttimia. Asteikko muovia (j\u00e4ljitelm\u00e4?) Ei putkia. Huonopintainen. Takalevyss\u00e4 vesij\u00e4lki\u00e4 ja nirhaumaa. Ei tutkittu tarkemmin.\u00a0<br \/><br \/>J\u00e4ljell\u00e4 painonapit, huono kotelo, kangas, punavihervalkoinen asteikkolevy irrallaan kotelon sis\u00e4ll\u00e4, takalevy, pohjalevy, chassis ym varaosaa. Hinta t\u00e4st\u00e4 saatavien varaosien ajateltu yhteisarvo.<\/p>","protected":false},"excerpt":{"rendered":"<p>Ei nuppeja. Ei kaiuttimia. Asteikko muovia (j\u00e4ljitelm\u00e4?) Ei putkia. Huonopintainen. Takalevyss\u00e4 vesij\u00e4lki\u00e4 ja nirhaumaa. Ei tutkittu tarkemmin.\u00a0J\u00e4ljell\u00e4 painonapit, huono kotelo, kangas, punavihervalkoinen asteikkolevy irrallaan kotelon sis\u00e4ll\u00e4, takalevy, pohjalevy, chassis ym varaosaa. Hinta t\u00e4st\u00e4 saatavien varaosien ajateltu yhteisarvo.<\/p>","protected":false},"featured_media":28899,"template":"","meta":[],"_links":{"self":[{"href":"https:\/\/www.radiomarket.fi\/en\/wp-json\/wp\/v2\/product\/28870"}],"collection":[{"href":"https:\/\/www.radiomarket.fi\/en\/wp-json\/wp\/v2\/product"}],"about":[{"href":"https:\/\/www.radiomarket.fi\/en\/wp-json\/wp\/v2\/types\/product"}],"wp:featuredmedia":[{"embeddable":true,"href":"https:\/\/www.radiomarket.fi\/en\/wp-json\/wp\/v2\/media\/28899"}],"wp:attachment":[{"href":"https:\/\/www.radiomarket.fi\/en\/wp-json\/wp\/v2\/media?parent=28870"}],"curies":[{"name":"wp","href":"https:\/\/api.w.org\/{rel}","templated":true}]}}