{"id":28890,"date":"2021-10-05T13:11:39","date_gmt":"2021-10-05T10:11:39","guid":{"rendered":"https:\/\/www.radiomarket.fi\/?post_type=product&#038;p=28890"},"modified":"2021-10-05T15:37:55","modified_gmt":"2021-10-05T12:37:55","slug":"ekus0080-skytronic-103-166-5-kanavaa","status":"publish","type":"product","link":"https:\/\/www.radiomarket.fi\/en\/kohde\/ekus0080-skytronic-103-166-5-kanavaa\/","title":{"rendered":"EKUS0080 Skytronic AV \/ Surround Amplifier 103.166 karaokevahvistin"},"content":{"rendered":"<p>Siisti. Ei kaukos\u00e4\u00e4dint\u00e4. Ei k\u00e4ytt\u00f6ohjekirjoja. Paino internetin tietojen mukaan 5,5 kg. Etupaneelissa mm. sis\u00e4\u00e4nmeno kahdelle mikrofonille. 5 kanavaa.<br \/><br \/>Digital surround karaoke amplifier AMP-218\/BK.<br \/><br \/><\/p><p>&nbsp;<\/p>","protected":false},"excerpt":{"rendered":"<p>Siisti. Ei kaukos\u00e4\u00e4dint\u00e4. Ei k\u00e4ytt\u00f6ohjekirjoja. Paino internetin tietojen mukaan 5,5 kg. Etupaneelissa mm. sis\u00e4\u00e4nmeno kahdelle mikrofonille. 5 kanavaa.Digital surround karaoke amplifier AMP-218\/BK.&nbsp;<\/p>","protected":false},"featured_media":28900,"template":"","meta":[],"_links":{"self":[{"href":"https:\/\/www.radiomarket.fi\/en\/wp-json\/wp\/v2\/product\/28890"}],"collection":[{"href":"https:\/\/www.radiomarket.fi\/en\/wp-json\/wp\/v2\/product"}],"about":[{"href":"https:\/\/www.radiomarket.fi\/en\/wp-json\/wp\/v2\/types\/product"}],"wp:featuredmedia":[{"embeddable":true,"href":"https:\/\/www.radiomarket.fi\/en\/wp-json\/wp\/v2\/media\/28900"}],"wp:attachment":[{"href":"https:\/\/www.radiomarket.fi\/en\/wp-json\/wp\/v2\/media?parent=28890"}],"curies":[{"name":"wp","href":"https:\/\/api.w.org\/{rel}","templated":true}]}}