{"id":28929,"date":"2021-10-07T15:47:39","date_gmt":"2021-10-07T12:47:39","guid":{"rendered":"https:\/\/www.radiomarket.fi\/?post_type=product&#038;p=28929"},"modified":"2023-04-20T17:40:52","modified_gmt":"2023-04-20T14:40:52","slug":"lars0040-philips-b5sf01a","status":"publish","type":"product","link":"https:\/\/www.radiomarket.fi\/en\/kohde\/lars0040-philips-b5sf01a\/","title":{"rendered":"LARS0040 Philips B5SF01A osina"},"content":{"rendered":"<p>Myyd\u00e4\u00e4n osina. Kaiutinelementit AD3800AM. Hinta loppujen osien arvioitu kokonaishinta. Yksi pikkunuppi j\u00e4ljell\u00e4. Tilaa tarvitsemasi varaosa s\u00e4hk\u00f6postitse.<br \/><br \/><strong>Myytyj\u00e4 \/ poistettuja osia ainakin seuraavat:<\/strong><br \/><br \/>P\u00e4\u00e4tykaiutinritil\u00e4t<br \/>Putket<br \/>Asteikkolasi<br \/>Push buttons<br \/>Isot ja keskikokoiset nupit<br \/>Toinen pikkunuppi.\u00a0<br \/><br \/>Muitakin osia saattaa olla poistettu. Tarkista tietojen oikeellisuus myyj\u00e4lt\u00e4.<br \/><br \/><\/p>","protected":false},"excerpt":{"rendered":"<p>Myyd\u00e4\u00e4n osina. Kaiutinelementit AD3800AM. Hinta loppujen osien arvioitu kokonaishinta. Yksi pikkunuppi j\u00e4ljell\u00e4. Tilaa tarvitsemasi varaosa s\u00e4hk\u00f6postitse.Myytyj\u00e4 \/ poistettuja osia ainakin seuraavat:P\u00e4\u00e4tykaiutinritil\u00e4tPutketAsteikkolasiPainonapitIsot ja keskikokoiset nupitToinen pikkunuppi.\u00a0Muitakin osia saattaa olla poistettu. Tarkista tietojen oikeellisuus myyj\u00e4lt\u00e4.<\/p>","protected":false},"featured_media":28943,"template":"","meta":[],"_links":{"self":[{"href":"https:\/\/www.radiomarket.fi\/en\/wp-json\/wp\/v2\/product\/28929"}],"collection":[{"href":"https:\/\/www.radiomarket.fi\/en\/wp-json\/wp\/v2\/product"}],"about":[{"href":"https:\/\/www.radiomarket.fi\/en\/wp-json\/wp\/v2\/types\/product"}],"wp:featuredmedia":[{"embeddable":true,"href":"https:\/\/www.radiomarket.fi\/en\/wp-json\/wp\/v2\/media\/28943"}],"wp:attachment":[{"href":"https:\/\/www.radiomarket.fi\/en\/wp-json\/wp\/v2\/media?parent=28929"}],"curies":[{"name":"wp","href":"https:\/\/api.w.org\/{rel}","templated":true}]}}