{"id":28962,"date":"2021-10-07T20:54:33","date_gmt":"2021-10-07T17:54:33","guid":{"rendered":"https:\/\/www.radiomarket.fi\/?post_type=product&#038;p=28962"},"modified":"2023-05-23T10:53:08","modified_gmt":"2023-05-23T07:53:08","slug":"ekum0085-harman-kardon-signature-2-0-kotiteatterietuvahvistin-tulossa","status":"publish","type":"product","link":"https:\/\/www.radiomarket.fi\/en\/kohde\/ekum0085-harman-kardon-signature-2-0-kotiteatterietuvahvistin-tulossa\/","title":{"rendered":"EKUM0085 Harman\/Kardon Signature 2.0 kotiteatterietuvahvistin"},"content":{"rendered":"<p>Harman\/kardon Signature 2.0 kotiteatterietuvahvistin, jossa ei ole HDMI-liittimi\u00e4. T\u00e4ss\u00e4 on voimakkuuss\u00e4\u00e4d\u00f6n enkooderissa joku hyppy, jolloin voimakkuus saattoi hyppi\u00e4 miten sattuu ja kaukos\u00e4\u00e4din toimii hieman tahmeasti. Uutena t\u00e4m\u00e4 on maksanut jotain 15 000 mk.<\/p><p>Alkuper\u00e4inen kaukos\u00e4\u00e4din ja pakkauslaatikko. Lis\u00e4ksi Owners manual -k\u00e4ytt\u00f6ohje tulee mukaan.<\/p>","protected":false},"excerpt":{"rendered":"<p>Harman\/kardon Signature 2.0 kotiteatterietuvahvistin, jossa ei ole HDMI-liittimi\u00e4. T\u00e4ss\u00e4 on voimakkuuss\u00e4\u00e4d\u00f6n enkooderissa joku hyppy, jolloin voimakkuus saattoi hyppi\u00e4 miten sattuu ja kaukos\u00e4\u00e4din toimii hieman tahmeasti. Uutena t\u00e4m\u00e4 on maksanut jotain 15 000 mk.Alkuper\u00e4inen kaukos\u00e4\u00e4din ja pakkauslaatikko. Lis\u00e4ksi Owners manual -k\u00e4ytt\u00f6ohje tulee mukaan.<\/p>","protected":false},"featured_media":31174,"template":"","meta":[],"_links":{"self":[{"href":"https:\/\/www.radiomarket.fi\/en\/wp-json\/wp\/v2\/product\/28962"}],"collection":[{"href":"https:\/\/www.radiomarket.fi\/en\/wp-json\/wp\/v2\/product"}],"about":[{"href":"https:\/\/www.radiomarket.fi\/en\/wp-json\/wp\/v2\/types\/product"}],"wp:featuredmedia":[{"embeddable":true,"href":"https:\/\/www.radiomarket.fi\/en\/wp-json\/wp\/v2\/media\/31174"}],"wp:attachment":[{"href":"https:\/\/www.radiomarket.fi\/en\/wp-json\/wp\/v2\/media?parent=28962"}],"curies":[{"name":"wp","href":"https:\/\/api.w.org\/{rel}","templated":true}]}}