{"id":28981,"date":"2025-10-20T12:36:34","date_gmt":"2025-10-20T09:36:34","guid":{"rendered":"https:\/\/www.radiomarket.fi\/?post_type=product&#038;p=28981"},"modified":"2025-10-20T13:57:48","modified_gmt":"2025-10-20T10:57:48","slug":"ekum0405-salora-riviera-58","status":"publish","type":"product","link":"https:\/\/www.radiomarket.fi\/en\/kohde\/ekum0405-salora-riviera-58\/","title":{"rendered":"EKUM0405 Salora Riviera 58 puretaan"},"content":{"rendered":"<p>Takalevyss\u00e4 kosteusj\u00e4lke\u00e4. Kotelon p\u00e4\u00e4ll\u00e4 tummumaa ja naarmuja. Hinta t\u00e4st\u00e4 saatavien osien arvioitu yhteishinta. Myyd\u00e4\u00e4n kokonaisena t\u00e4h\u00e4n hintaan tai kysy tarvitsemiasi osia. Riviera etukaiutin Goodmans. P\u00f6lykapselillinen pikkunuppi vaikuttaa olevan sama kuin mallissa Helvar Rigoletto \/ Celeston Csardas (verrattu rinnakkain). Nuppi vaikuttaa samalta kuin esim. Telestar Concertino 56 ja 57 -radioissa.<\/p><p><strong>Seuraavat osat puuttuvat, viallisia, tai purettu kuvien ottamisen j\u00e4lkeen:<\/strong><\/p><p>-Ei putkia.<br \/>-Toinen kulmakaiuttimen ritil\u00e4 (ehj\u00e4) myyty. <br \/>-Toinen kulmakaiuttimen ritil\u00e4 korjailtu runsaasti liimalla ja ep\u00e4siistin n\u00e4k\u00f6inen (saatavilla)<br \/>-Asteikkolasi myyty varaosaksi<br \/>-lattaliittimet<br \/>-listan vasemmanpuolinen pieni koristeosa<br \/>-alalista<br \/>-vasemmanpuolinen isompi nuppi myyty varaosaksi<br \/>-molemmat pienemm\u00e4t nupit myyty varaosaksi<br \/>-Salora-logosta puuttuu S:n alaosa<br \/>-kaiutinelementti purettu varaosaksi kuvien oton j\u00e4lkeen<\/p><p>Voi olla purettu muitakin osia tai olla muita puutteita. Varmista tietojen oikeellisuus myyj\u00e4lt\u00e4. Ei tutkittu tarkemmin.<\/p>","protected":false},"excerpt":{"rendered":"<p>Takalevyss\u00e4 kosteusj\u00e4lke\u00e4. Kotelon p\u00e4\u00e4ll\u00e4 tummumaa ja naarmuja. Hinta t\u00e4st\u00e4 saatavien osien arvioitu yhteishinta. Myyd\u00e4\u00e4n kokonaisena t\u00e4h\u00e4n hintaan tai kysy tarvitsemiasi osia. Riviera etukaiutin Goodmans. P\u00f6lykapselillinen pikkunuppi vaikuttaa olevan sama kuin mallissa Helvar Rigoletto \/ Celeston Csardas (verrattu rinnakkain). Nuppi vaikuttaa samalta kuin esim. Telestar Concertino 56 ja 57 -radioissa.Seuraavat osat puuttuvat, viallisia, tai purettu kuvien &hellip;<\/p>\n<p class=\"read-more\"> <a class=\"thunk-readmore button\" href=\"https:\/\/www.radiomarket.fi\/en\/kohde\/ekum0405-salora-riviera-58\/\"> <span class=\"screen-reader-text\">EKUM0405 Salora Riviera 58 puretaan<\/span>Read More<\/a><\/p>","protected":false},"featured_media":29228,"template":"","meta":[],"_links":{"self":[{"href":"https:\/\/www.radiomarket.fi\/en\/wp-json\/wp\/v2\/product\/28981"}],"collection":[{"href":"https:\/\/www.radiomarket.fi\/en\/wp-json\/wp\/v2\/product"}],"about":[{"href":"https:\/\/www.radiomarket.fi\/en\/wp-json\/wp\/v2\/types\/product"}],"wp:featuredmedia":[{"embeddable":true,"href":"https:\/\/www.radiomarket.fi\/en\/wp-json\/wp\/v2\/media\/29228"}],"wp:attachment":[{"href":"https:\/\/www.radiomarket.fi\/en\/wp-json\/wp\/v2\/media?parent=28981"}],"curies":[{"name":"wp","href":"https:\/\/api.w.org\/{rel}","templated":true}]}}