{"id":28984,"date":"2025-01-28T08:28:04","date_gmt":"2025-01-28T06:28:04","guid":{"rendered":"https:\/\/www.radiomarket.fi\/?post_type=product&#038;p=28984"},"modified":"2025-01-28T16:27:33","modified_gmt":"2025-01-28T14:27:33","slug":"ekum0408-helvar-radiokaappi","status":"publish","type":"product","link":"https:\/\/www.radiomarket.fi\/en\/kohde\/ekum0408-helvar-radiokaappi\/","title":{"rendered":"EKUM0408 Helvar RG radiokaappi osia puretaan"},"content":{"rendered":"<p>J\u00e4ljell\u00e4 ainakin kaapin ovi kahvoineen ja sis\u00e4puolen metalliosineen, etukangas, n. 30-40cm pituinen lista ja levysoitin.<\/p><p>Koneisto ei yhteydess\u00e4\u00e4n kuvien ottohetkell\u00e4, mutta l\u00f6ytyy. Myyd\u00e4\u00e4n ilman putkia. V\u00e4\u00e4r\u00e4t nupit (Salora Riviera), toinen p\u00f6lykapseli puuttuu.<\/p><p>Tilaa haluamasi varaosat e-maililla postitse tai kokonaisuus my\u00f6s noudettaessa.<\/p><p><strong>Seuraavat osat puuttuvat tai viallisia:<\/strong><\/p><p>Ei asteikkolasia.<br \/>Ei pohjalevy\u00e4. Ei takakantta.<br \/>Molemmat etukaiuttimet on myyty.<br \/>Ei kaapin puurunkoa.<\/p><p>Voi olla purettu muitakin osia tai olla muita puutteita. Varmista tietojen oikeellisuus myyj\u00e4lt\u00e4. Ei tutkittu tarkemmin. Vain nouto tai toimitus sovittaessa muulla tavoin. Tiedustele haluamiasi varaosia my\u00f6s postimyyntin\u00e4.<\/p>","protected":false},"excerpt":{"rendered":"<p>J\u00e4ljell\u00e4 ainakin kaapin ovi kahvoineen ja sis\u00e4puolen metalliosineen, etukangas, n. 30-40cm pituinen lista ja levysoitin.Koneisto ei yhteydess\u00e4\u00e4n kuvien ottohetkell\u00e4, mutta l\u00f6ytyy. Myyd\u00e4\u00e4n ilman putkia. V\u00e4\u00e4r\u00e4t nupit (Salora Riviera), toinen p\u00f6lykapseli puuttuu.Tilaa haluamasi varaosat e-maililla postitse tai kokonaisuus my\u00f6s noudettaessa.Seuraavat osat puuttuvat tai viallisia:Ei asteikkolasia.Ei pohjalevy\u00e4. Ei takakantta.Molemmat etukaiuttimet on myyty.Ei kaapin puurunkoa.Voi olla purettu muitakin &hellip;<\/p>\n<p class=\"read-more\"> <a class=\"thunk-readmore button\" href=\"https:\/\/www.radiomarket.fi\/en\/kohde\/ekum0408-helvar-radiokaappi\/\"> <span class=\"screen-reader-text\">EKUM0408 Helvar RG radiokaappi osia puretaan<\/span>Read More<\/a><\/p>","protected":false},"featured_media":32745,"template":"","meta":[],"_links":{"self":[{"href":"https:\/\/www.radiomarket.fi\/en\/wp-json\/wp\/v2\/product\/28984"}],"collection":[{"href":"https:\/\/www.radiomarket.fi\/en\/wp-json\/wp\/v2\/product"}],"about":[{"href":"https:\/\/www.radiomarket.fi\/en\/wp-json\/wp\/v2\/types\/product"}],"wp:featuredmedia":[{"embeddable":true,"href":"https:\/\/www.radiomarket.fi\/en\/wp-json\/wp\/v2\/media\/32745"}],"wp:attachment":[{"href":"https:\/\/www.radiomarket.fi\/en\/wp-json\/wp\/v2\/media?parent=28984"}],"curies":[{"name":"wp","href":"https:\/\/api.w.org\/{rel}","templated":true}]}}