{"id":28985,"date":"2023-11-16T06:03:00","date_gmt":"2023-11-16T04:03:00","guid":{"rendered":"https:\/\/www.radiomarket.fi\/?post_type=product&#038;p=28985"},"modified":"2024-05-03T17:33:43","modified_gmt":"2024-05-03T14:33:43","slug":"ekum0409-helvar-verona-radiokaappi","status":"publish","type":"product","link":"https:\/\/www.radiomarket.fi\/en\/kohde\/ekum0409-helvar-verona-radiokaappi\/","title":{"rendered":"EKUM0409 Helvar Verona radiokaappi puretaan"},"content":{"rendered":"<p>Kohtuulliset puuosat. Kaiutinelementit 8&#8243; ja vaikuttavat olevat vastaavat kuin Salora Metropol -radiossa.<br \/><br \/><strong>J\u00e4ljell\u00e4 olevaa osaa:<\/strong> Taka- ja pohjalevy. Vaakunalogo. Dipoliantenni. Pieni kaiuttimien v\u00e4linen p\u00e4\u00e4temuuntaja. S\u00e4vyns\u00e4\u00e4t\u00f6n\u00e4pp\u00e4imist\u00f6n luunv\u00e4rinen kehys (haljennut mutta kokonainen). Jommankumman kannen sarana. Ruuveja ym. Isommat nupit (erikokoiselle akselille) ja pikkunupit. Painonapit.\u00a0<\/p><p>&nbsp;<\/p><p><strong>Seuraavat osat puuttuvat tai viallisia:<br \/><br \/><\/strong>Radiopuolen ja levysoittimen kannet myyty. Kangas ja V-merkki myyty. Loppu j\u00e4ljelle j\u00e4\u00e4nyt puurunko h\u00e4vitetty.<br \/>Koneistosta tehty oma tuote numerolle EKUM2672, koska kyseinen koneisto sopii useampiin eri Helvar ja Celeston -malleihin.<br \/>Ei asteikkolasia.<br \/>Ei putkia.<br \/>Ei levysoitinta.<br \/>Yhden jalan metallinen holkki uupuu.<br \/>Painonappien vieress\u00e4 olevat luunvalkoiset listat purettu, pituus 203mm. T\u00e4h\u00e4n radioon sopivia osia l\u00f6ytyy tuotenumeroilla EKUM2689 ja EKUM2690.<br \/>Kaiutinelementit<br \/>Jalat puuttuvat, jalkoihin l\u00f6ytyy heloja tuotenumerolla EKUM0708.<\/p><p>Voi olla purettu muitakin osia tai olla muita puutteita. Varmista tietojen oikeellisuus myyj\u00e4lt\u00e4. Ei tutkittu tarkemmin. Kokonaisuudelle vain nouto tai toimitus sovittaessa muulla tavoin.\u00a0<\/p>","protected":false},"excerpt":{"rendered":"<p>Kohtuulliset puuosat. Kaiutinelementit 8&#8243; ja vaikuttavat olevat vastaavat kuin Salora Metropol -radiossa.J\u00e4ljell\u00e4 olevaa osaa: Taka- ja pohjalevy. Vaakunalogo. Dipoliantenni. Pieni kaiuttimien v\u00e4linen p\u00e4\u00e4temuuntaja. S\u00e4vyns\u00e4\u00e4t\u00f6n\u00e4pp\u00e4imist\u00f6n luunv\u00e4rinen kehys (haljennut mutta kokonainen). Jommankumman kannen sarana. Ruuveja ym. Isommat nupit (erikokoiselle akselille) ja pikkunupit. Painonapit.\u00a0&nbsp;Seuraavat osat puuttuvat tai viallisia:Radiopuolen ja levysoittimen kannet myyty. Kangas ja V-merkki myyty. Loppu j\u00e4ljelle &hellip;<\/p>\n<p class=\"read-more\"> <a class=\"thunk-readmore button\" href=\"https:\/\/www.radiomarket.fi\/en\/kohde\/ekum0409-helvar-verona-radiokaappi\/\"> <span class=\"screen-reader-text\">EKUM0409 Helvar Verona radiokaappi puretaan<\/span>Read More<\/a><\/p>","protected":false},"featured_media":32258,"template":"","meta":[],"_links":{"self":[{"href":"https:\/\/www.radiomarket.fi\/en\/wp-json\/wp\/v2\/product\/28985"}],"collection":[{"href":"https:\/\/www.radiomarket.fi\/en\/wp-json\/wp\/v2\/product"}],"about":[{"href":"https:\/\/www.radiomarket.fi\/en\/wp-json\/wp\/v2\/types\/product"}],"wp:featuredmedia":[{"embeddable":true,"href":"https:\/\/www.radiomarket.fi\/en\/wp-json\/wp\/v2\/media\/32258"}],"wp:attachment":[{"href":"https:\/\/www.radiomarket.fi\/en\/wp-json\/wp\/v2\/media?parent=28985"}],"curies":[{"name":"wp","href":"https:\/\/api.w.org\/{rel}","templated":true}]}}