{"id":29002,"date":"2021-10-08T15:25:54","date_gmt":"2021-10-08T12:25:54","guid":{"rendered":"https:\/\/www.radiomarket.fi\/?post_type=product&#038;p=29002"},"modified":"2023-02-18T14:05:15","modified_gmt":"2023-02-18T12:05:15","slug":"ekum0411-asa-757","status":"publish","type":"product","link":"https:\/\/www.radiomarket.fi\/en\/kohde\/ekum0411-asa-757\/","title":{"rendered":"EKUM0411 ASA 757"},"content":{"rendered":"<p>Ainakin osa putkista on. Viilua puuttuu p\u00e4\u00e4dyst\u00e4. Muuten suhteellisen siisti. Kunnostuskelpoinen.<br \/><strong><br \/>Seuraavat osat puuttuvat tai viallisia:<\/strong><\/p><p>Pohjalevy puuttuu. Voi l\u00f6yty\u00e4 esim purkukoneesta EKUM0412.<\/p><p>Voi olla purettu muitakin osia tai olla muita puutteita. Varmista tietojen oikeellisuus myyj\u00e4lt\u00e4. Ei tutkittu tarkemmin.<\/p>","protected":false},"excerpt":{"rendered":"<p>Ainakin osa putkista on. Viilua puuttuu p\u00e4\u00e4dyst\u00e4. Muuten suhteellisen siisti. Kunnostuskelpoinen.Seuraavat osat puuttuvat tai viallisia:Pohjalevy puuttuu. Voi l\u00f6yty\u00e4 esim purkukoneesta EKUM0412.Voi olla purettu muitakin osia tai olla muita puutteita. Varmista tietojen oikeellisuus myyj\u00e4lt\u00e4. Ei tutkittu tarkemmin.<\/p>","protected":false},"featured_media":32784,"template":"","meta":[],"_links":{"self":[{"href":"https:\/\/www.radiomarket.fi\/en\/wp-json\/wp\/v2\/product\/29002"}],"collection":[{"href":"https:\/\/www.radiomarket.fi\/en\/wp-json\/wp\/v2\/product"}],"about":[{"href":"https:\/\/www.radiomarket.fi\/en\/wp-json\/wp\/v2\/types\/product"}],"wp:featuredmedia":[{"embeddable":true,"href":"https:\/\/www.radiomarket.fi\/en\/wp-json\/wp\/v2\/media\/32784"}],"wp:attachment":[{"href":"https:\/\/www.radiomarket.fi\/en\/wp-json\/wp\/v2\/media?parent=29002"}],"curies":[{"name":"wp","href":"https:\/\/api.w.org\/{rel}","templated":true}]}}