{"id":29022,"date":"2021-10-08T16:52:08","date_gmt":"2021-10-08T13:52:08","guid":{"rendered":"https:\/\/www.radiomarket.fi\/?post_type=product&#038;p=29022"},"modified":"2024-02-15T12:08:55","modified_gmt":"2024-02-15T10:08:55","slug":"ekum0431-blaupunkt-sultan","status":"publish","type":"product","link":"https:\/\/www.radiomarket.fi\/en\/kohde\/ekum0431-blaupunkt-sultan\/","title":{"rendered":"EKUM0431 Blaupunkt Sultan"},"content":{"rendered":"<p>Kokonaisen oloinen p\u00e4\u00e4llep\u00e4in.<strong><br \/><br \/>Seuraavat osat puuttuvat tai viallisia:<\/strong><\/p><p>&#8211;<\/p><p>Voi olla purettu muitakin osia tai olla muita puutteita. Varmista tietojen oikeellisuus myyj\u00e4lt\u00e4. Ei tutkittu tarkemmin.<\/p>","protected":false},"excerpt":{"rendered":"<p>Kokonaisen oloinen p\u00e4\u00e4llep\u00e4in.Seuraavat osat puuttuvat tai viallisia:&#8211;Voi olla purettu muitakin osia tai olla muita puutteita. Varmista tietojen oikeellisuus myyj\u00e4lt\u00e4. Ei tutkittu tarkemmin.<\/p>","protected":false},"featured_media":29167,"template":"","meta":[],"_links":{"self":[{"href":"https:\/\/www.radiomarket.fi\/en\/wp-json\/wp\/v2\/product\/29022"}],"collection":[{"href":"https:\/\/www.radiomarket.fi\/en\/wp-json\/wp\/v2\/product"}],"about":[{"href":"https:\/\/www.radiomarket.fi\/en\/wp-json\/wp\/v2\/types\/product"}],"wp:featuredmedia":[{"embeddable":true,"href":"https:\/\/www.radiomarket.fi\/en\/wp-json\/wp\/v2\/media\/29167"}],"wp:attachment":[{"href":"https:\/\/www.radiomarket.fi\/en\/wp-json\/wp\/v2\/media?parent=29022"}],"curies":[{"name":"wp","href":"https:\/\/api.w.org\/{rel}","templated":true}]}}