{"id":29044,"date":"2021-10-08T18:05:06","date_gmt":"2021-10-08T15:05:06","guid":{"rendered":"https:\/\/www.radiomarket.fi\/?post_type=product&#038;p=29044"},"modified":"2023-12-16T11:30:22","modified_gmt":"2023-12-16T09:30:22","slug":"ekum0445-celeston-levysoittimella","status":"publish","type":"product","link":"https:\/\/www.radiomarket.fi\/en\/kohde\/ekum0445-celeston-levysoittimella\/","title":{"rendered":"EKUM0445 Celeston Csardas(?)"},"content":{"rendered":"<p>Levysoittimellinen malli. Mahdollisesti Csardas, malli varmistettava. Siin\u00e4 tapauksessa olisi vastaava kuin Helvar Rigoletto. Katso my\u00f6s EKUM0032x.<strong><br \/><br \/>Seuraavat osat puuttuvat tai viallisia:<\/strong><\/p><p>Painonappi puuttuu, sivusta puuttuu lista. <br \/>Ei takalevy\u00e4.<br \/><span data-sheets-root=\"1\" data-sheets-value=\"{&quot;1&quot;:2,&quot;2&quot;:&quot;P\u00e4\u00e4tyritil\u00e4t koneessa EKUM0445 ehj\u00e4t mutta kankaissa likaa tai reiki\u00e4.&quot;}\" data-sheets-userformat=\"{&quot;2&quot;:8705,&quot;3&quot;:{&quot;1&quot;:0},&quot;12&quot;:0,&quot;16&quot;:12}\">P\u00e4\u00e4tyritil\u00f6iden kankaissa likaa ja\/tai reiki\u00e4.<\/span><\/p><p>Voi olla purettu muitakin osia tai olla muita puutteita. Varmista tietojen oikeellisuus myyj\u00e4lt\u00e4. Ei tutkittu tarkemmin.<\/p>","protected":false},"excerpt":{"rendered":"<p>Levysoittimellinen malli. Mahdollisesti Csardas, malli varmistettava. Siin\u00e4 tapauksessa olisi vastaava kuin Helvar Rigoletto. Katso my\u00f6s EKUM0032x.Seuraavat osat puuttuvat tai viallisia:Painonappi puuttuu, sivusta puuttuu lista. Ei takalevy\u00e4.P\u00e4\u00e4tyritil\u00f6iden kankaissa likaa ja\/tai reiki\u00e4.Voi olla purettu muitakin osia tai olla muita puutteita. Varmista tietojen oikeellisuus myyj\u00e4lt\u00e4. Ei tutkittu tarkemmin.<\/p>","protected":false},"featured_media":29066,"template":"","meta":[],"_links":{"self":[{"href":"https:\/\/www.radiomarket.fi\/en\/wp-json\/wp\/v2\/product\/29044"}],"collection":[{"href":"https:\/\/www.radiomarket.fi\/en\/wp-json\/wp\/v2\/product"}],"about":[{"href":"https:\/\/www.radiomarket.fi\/en\/wp-json\/wp\/v2\/types\/product"}],"wp:featuredmedia":[{"embeddable":true,"href":"https:\/\/www.radiomarket.fi\/en\/wp-json\/wp\/v2\/media\/29066"}],"wp:attachment":[{"href":"https:\/\/www.radiomarket.fi\/en\/wp-json\/wp\/v2\/media?parent=29044"}],"curies":[{"name":"wp","href":"https:\/\/api.w.org\/{rel}","templated":true}]}}