{"id":29045,"date":"2021-10-08T18:12:56","date_gmt":"2021-10-08T15:12:56","guid":{"rendered":"https:\/\/www.radiomarket.fi\/?post_type=product&#038;p=29045"},"modified":"2023-05-09T08:57:17","modified_gmt":"2023-05-09T05:57:17","slug":"ekum0437-helkama-875","status":"publish","type":"product","link":"https:\/\/www.radiomarket.fi\/en\/kohde\/ekum0437-helkama-875\/","title":{"rendered":"EKUM0437 Helkama Forte LS HR 875 W"},"content":{"rendered":"<p>Ei takalevy\u00e4 kuvissa, mutta pit\u00e4isi l\u00f6yty\u00e4. Ei tutkittu tarkemmin.<strong><br \/><br \/>Seuraavat osat puuttuvat tai viallisia:<\/strong><\/p><p>&#8211;<\/p><p>Voi olla purettu muitakin osia tai olla muita puutteita. Varmista tietojen oikeellisuus myyj\u00e4lt\u00e4. Ei tutkittu tarkemmin.<\/p>","protected":false},"excerpt":{"rendered":"<p>Ei takalevy\u00e4 kuvissa, mutta pit\u00e4isi l\u00f6yty\u00e4. Ei tutkittu tarkemmin.Seuraavat osat puuttuvat tai viallisia:&#8211;Voi olla purettu muitakin osia tai olla muita puutteita. Varmista tietojen oikeellisuus myyj\u00e4lt\u00e4. Ei tutkittu tarkemmin.<\/p>","protected":false},"featured_media":29139,"template":"","meta":[],"_links":{"self":[{"href":"https:\/\/www.radiomarket.fi\/en\/wp-json\/wp\/v2\/product\/29045"}],"collection":[{"href":"https:\/\/www.radiomarket.fi\/en\/wp-json\/wp\/v2\/product"}],"about":[{"href":"https:\/\/www.radiomarket.fi\/en\/wp-json\/wp\/v2\/types\/product"}],"wp:featuredmedia":[{"embeddable":true,"href":"https:\/\/www.radiomarket.fi\/en\/wp-json\/wp\/v2\/media\/29139"}],"wp:attachment":[{"href":"https:\/\/www.radiomarket.fi\/en\/wp-json\/wp\/v2\/media?parent=29045"}],"curies":[{"name":"wp","href":"https:\/\/api.w.org\/{rel}","templated":true}]}}