{"id":29048,"date":"2021-10-08T18:16:36","date_gmt":"2021-10-08T15:16:36","guid":{"rendered":"https:\/\/www.radiomarket.fi\/?post_type=product&#038;p=29048"},"modified":"2021-10-16T19:15:55","modified_gmt":"2021-10-16T16:15:55","slug":"ekum0432-helvar-reico","status":"publish","type":"product","link":"https:\/\/www.radiomarket.fi\/en\/kohde\/ekum0432-helvar-reico\/","title":{"rendered":"EKUM0432 Helvar (Reico)"},"content":{"rendered":"<p>Ei tutkittu tarkemmin.<strong><br \/><br \/>Seuraavat osat puuttuvat tai viallisia:<\/strong><\/p><p>Ei nuppeja. <br \/>Ei takalevy\u00e4. <br \/>Ei etukaiutinta.<\/p><p>Voi olla purettu muitakin osia tai olla muita puutteita. Varmista tietojen oikeellisuus myyj\u00e4lt\u00e4. Ei tutkittu tarkemmin.<\/p>","protected":false},"excerpt":{"rendered":"<p>Ei tutkittu tarkemmin.Seuraavat osat puuttuvat tai viallisia:Ei nuppeja. Ei takalevy\u00e4. Ei etukaiutinta.Voi olla purettu muitakin osia tai olla muita puutteita. Varmista tietojen oikeellisuus myyj\u00e4lt\u00e4. Ei tutkittu tarkemmin.<\/p>","protected":false},"featured_media":29165,"template":"","meta":[],"_links":{"self":[{"href":"https:\/\/www.radiomarket.fi\/en\/wp-json\/wp\/v2\/product\/29048"}],"collection":[{"href":"https:\/\/www.radiomarket.fi\/en\/wp-json\/wp\/v2\/product"}],"about":[{"href":"https:\/\/www.radiomarket.fi\/en\/wp-json\/wp\/v2\/types\/product"}],"wp:featuredmedia":[{"embeddable":true,"href":"https:\/\/www.radiomarket.fi\/en\/wp-json\/wp\/v2\/media\/29165"}],"wp:attachment":[{"href":"https:\/\/www.radiomarket.fi\/en\/wp-json\/wp\/v2\/media?parent=29048"}],"curies":[{"name":"wp","href":"https:\/\/api.w.org\/{rel}","templated":true}]}}