{"id":29050,"date":"2021-10-08T18:19:48","date_gmt":"2021-10-08T15:19:48","guid":{"rendered":"https:\/\/www.radiomarket.fi\/?post_type=product&#038;p=29050"},"modified":"2022-07-12T17:07:35","modified_gmt":"2022-07-12T14:07:35","slug":"ekum0425-salora","status":"publish","type":"product","link":"https:\/\/www.radiomarket.fi\/en\/kohde\/ekum0425-salora\/","title":{"rendered":"EKUM0425 Salora"},"content":{"rendered":"<p>Koneisto irrallaan. Ei tutkittu tarkemmin. 40-sarjan putkilla, putket mukana. Lakka hilseillyt.<br \/><strong><br \/>Seuraavat osat puuttuvat tai viallisia:<\/strong><\/p><p>Ei nuppeja, ei takalevy\u00e4 ainakaan yhteydess\u00e4\u00e4n (saattaa l\u00f6yty\u00e4 erillisen\u00e4 tuotteena radiomarketista). Ei etukaiutinta.<\/p><p>Voi olla purettu muitakin osia tai olla muita puutteita. Varmista tietojen oikeellisuus myyj\u00e4lt\u00e4. Ei tutkittu tarkemmin.<\/p>","protected":false},"excerpt":{"rendered":"<p>Koneisto irrallaan. Ei tutkittu tarkemmin. 40-sarjan putkilla, putket mukana. Lakka hilseillyt.Seuraavat osat puuttuvat tai viallisia:Ei nuppeja, ei takalevy\u00e4 ainakaan yhteydess\u00e4\u00e4n (saattaa l\u00f6yty\u00e4 erillisen\u00e4 tuotteena radiomarketista). Ei etukaiutinta.Voi olla purettu muitakin osia tai olla muita puutteita. Varmista tietojen oikeellisuus myyj\u00e4lt\u00e4. Ei tutkittu tarkemmin.<\/p>","protected":false},"featured_media":29144,"template":"","meta":[],"_links":{"self":[{"href":"https:\/\/www.radiomarket.fi\/en\/wp-json\/wp\/v2\/product\/29050"}],"collection":[{"href":"https:\/\/www.radiomarket.fi\/en\/wp-json\/wp\/v2\/product"}],"about":[{"href":"https:\/\/www.radiomarket.fi\/en\/wp-json\/wp\/v2\/types\/product"}],"wp:featuredmedia":[{"embeddable":true,"href":"https:\/\/www.radiomarket.fi\/en\/wp-json\/wp\/v2\/media\/29144"}],"wp:attachment":[{"href":"https:\/\/www.radiomarket.fi\/en\/wp-json\/wp\/v2\/media?parent=29050"}],"curies":[{"name":"wp","href":"https:\/\/api.w.org\/{rel}","templated":true}]}}