{"id":29052,"date":"2021-10-08T18:27:36","date_gmt":"2021-10-08T15:27:36","guid":{"rendered":"https:\/\/www.radiomarket.fi\/?post_type=product&#038;p=29052"},"modified":"2024-09-03T13:07:30","modified_gmt":"2024-09-03T10:07:30","slug":"ekum0439-rigonda-bolshoi","status":"publish","type":"product","link":"https:\/\/www.radiomarket.fi\/en\/kohde\/ekum0439-rigonda-bolshoi\/","title":{"rendered":"EKUM0439 Rigonda Bolshoi soiva"},"content":{"rendered":"<p>Testattu 10\/2021, soiva radio. Ei arvioitu tai l\u00e4pik\u00e4yty pintapuolista silm\u00e4ily\u00e4 tarkemmin. Kotelossa pintanaarmuja. Virtajohto numerolla EKUM0525 ostettavissa mukaan, jolloin k\u00f6ntt\u00e4hinta 150\u20ac.<strong><br \/><br \/>Seuraavat osat puuttuvat tai viallisia:<br \/><br \/><\/strong>Painonappien hopeanv\u00e4risi\u00e4 koristeita puuttuu. V\u00e4\u00e4ri\u00e4 nuppeja (kts. kuva). Ei tutkittu tarkemmin. Vain nouto tai toimitus sovittaessa.<strong><br \/><\/strong><\/p><p>Voi olla purettu muitakin osia tai olla muita puutteita. Varmista tietojen oikeellisuus myyj\u00e4lt\u00e4. Ei tutkittu tarkemmin.<\/p>","protected":false},"excerpt":{"rendered":"<p>Testattu 10\/2021, soiva radio. Ei arvioitu tai l\u00e4pik\u00e4yty pintapuolista silm\u00e4ily\u00e4 tarkemmin. Kotelossa pintanaarmuja. Virtajohto numerolla EKUM0525 ostettavissa mukaan, jolloin k\u00f6ntt\u00e4hinta 150\u20ac.Seuraavat osat puuttuvat tai viallisia:Painonappien hopeanv\u00e4risi\u00e4 koristeita puuttuu. V\u00e4\u00e4ri\u00e4 nuppeja (kts. kuva). Ei tutkittu tarkemmin. Vain nouto tai toimitus sovittaessa.Voi olla purettu muitakin osia tai olla muita puutteita. Varmista tietojen oikeellisuus myyj\u00e4lt\u00e4. Ei tutkittu tarkemmin.<\/p>","protected":false},"featured_media":29134,"template":"","meta":[],"_links":{"self":[{"href":"https:\/\/www.radiomarket.fi\/en\/wp-json\/wp\/v2\/product\/29052"}],"collection":[{"href":"https:\/\/www.radiomarket.fi\/en\/wp-json\/wp\/v2\/product"}],"about":[{"href":"https:\/\/www.radiomarket.fi\/en\/wp-json\/wp\/v2\/types\/product"}],"wp:featuredmedia":[{"embeddable":true,"href":"https:\/\/www.radiomarket.fi\/en\/wp-json\/wp\/v2\/media\/29134"}],"wp:attachment":[{"href":"https:\/\/www.radiomarket.fi\/en\/wp-json\/wp\/v2\/media?parent=29052"}],"curies":[{"name":"wp","href":"https:\/\/api.w.org\/{rel}","templated":true}]}}