{"id":29053,"date":"2021-10-08T18:36:58","date_gmt":"2021-10-08T15:36:58","guid":{"rendered":"https:\/\/www.radiomarket.fi\/?post_type=product&#038;p=29053"},"modified":"2021-10-10T11:06:09","modified_gmt":"2021-10-10T08:06:09","slug":"ekum0446-grundig-stereo-4295","status":"publish","type":"product","link":"https:\/\/www.radiomarket.fi\/en\/kohde\/ekum0446-grundig-stereo-4295\/","title":{"rendered":"EKUM0446 Grundig Stereo 4295"},"content":{"rendered":"<p>Kohtuullisen siisti.<strong><br \/><br \/>Seuraavat osat puuttuvat tai viallisia:<\/strong><\/p><p>Ei takalevy\u00e4 ainakaan yhteydess\u00e4\u00e4n.<br \/>Putkia puuttuu.<\/p><p>Voi olla purettu muitakin osia tai olla muita puutteita. Varmista tietojen oikeellisuus myyj\u00e4lt\u00e4. Ei tutkittu tarkemmin.<\/p>","protected":false},"excerpt":{"rendered":"<p>Kohtuullisen siisti.Seuraavat osat puuttuvat tai viallisia:Ei takalevy\u00e4 ainakaan yhteydess\u00e4\u00e4n.Putkia puuttuu.Voi olla purettu muitakin osia tai olla muita puutteita. Varmista tietojen oikeellisuus myyj\u00e4lt\u00e4. Ei tutkittu tarkemmin.<\/p>","protected":false},"featured_media":29064,"template":"","meta":[],"_links":{"self":[{"href":"https:\/\/www.radiomarket.fi\/en\/wp-json\/wp\/v2\/product\/29053"}],"collection":[{"href":"https:\/\/www.radiomarket.fi\/en\/wp-json\/wp\/v2\/product"}],"about":[{"href":"https:\/\/www.radiomarket.fi\/en\/wp-json\/wp\/v2\/types\/product"}],"wp:featuredmedia":[{"embeddable":true,"href":"https:\/\/www.radiomarket.fi\/en\/wp-json\/wp\/v2\/media\/29064"}],"wp:attachment":[{"href":"https:\/\/www.radiomarket.fi\/en\/wp-json\/wp\/v2\/media?parent=29053"}],"curies":[{"name":"wp","href":"https:\/\/api.w.org\/{rel}","templated":true}]}}