{"id":29054,"date":"2021-10-08T18:42:57","date_gmt":"2021-10-08T15:42:57","guid":{"rendered":"https:\/\/www.radiomarket.fi\/?post_type=product&#038;p=29054"},"modified":"2023-03-29T16:20:14","modified_gmt":"2023-03-29T13:20:14","slug":"ekum0443-philips-levysoittimellinen-malli","status":"publish","type":"product","link":"https:\/\/www.radiomarket.fi\/en\/kohde\/ekum0443-philips-levysoittimellinen-malli\/","title":{"rendered":"EKUM0443 Philips, levysoittimellinen malli"},"content":{"rendered":"<p><strong>J\u00e4ljell\u00e4 seuraavia osia:<\/strong><br \/><br \/>Koneisto (saattaa olla purettu jotain), toinen p\u00e4\u00e4tyritil\u00e4, molemmat p\u00e4\u00e4tykaiuttimet, etusein\u00e4n nahka (kiinni etulevyss\u00e4) ja painonapit. <br \/>Kaiuttimista ainakin AD3460AM huonoreunainen. P\u00e4\u00e4tykaiutinritil\u00e4 kertaalleen irrotettu ja kiinnitetty uudelleen nauloilla. Tapit poikki, mutta ritil\u00e4 muuten naulanreiki\u00e4 lukuunottamatta ehj\u00e4.<br \/><br \/>Tiedustele tarvitsemiasi osia. Hinta loppujen saatavien varaosien arvioitu kokonaishinta.<strong><br \/><br \/>Seuraavat osat puuttuvat tai viallisia:<\/strong><\/p><p>Ei takalevy\u00e4.<br \/>Ei putkia.<br \/>Ei koteloa eik\u00e4 sen kantta.<br \/>Toinen p\u00e4\u00e4tyritil\u00e4 puuttuu.<br \/>Levysoitin puuttuu.<br \/>Ei nuppeja.<br \/>Ei asteikkolasia.<\/p><p>Voi olla purettu muitakin t\u00e4ss\u00e4 luetteloimattomia osia tai olla muita puutteita. Varmista tietojen oikeellisuus myyj\u00e4lt\u00e4. Ei tutkittu tarkemmin.<\/p>","protected":false},"excerpt":{"rendered":"<p>J\u00e4ljell\u00e4 seuraavia osia:Koneisto (saattaa olla purettu jotain), toinen p\u00e4\u00e4tyritil\u00e4, molemmat p\u00e4\u00e4tykaiuttimet, etusein\u00e4n nahka (kiinni etulevyss\u00e4) ja painonapit. Kaiuttimista ainakin AD3460AM huonoreunainen. P\u00e4\u00e4tykaiutinritil\u00e4 kertaalleen irrotettu ja kiinnitetty uudelleen nauloilla. Tapit poikki, mutta ritil\u00e4 muuten naulanreiki\u00e4 lukuunottamatta ehj\u00e4.Tiedustele tarvitsemiasi osia. Hinta loppujen saatavien varaosien arvioitu kokonaishinta.Seuraavat osat puuttuvat tai viallisia:Ei takalevy\u00e4.Ei putkia.Ei koteloa eik\u00e4 sen kantta.Toinen p\u00e4\u00e4tyritil\u00e4 &hellip;<\/p>\n<p class=\"read-more\"> <a class=\"thunk-readmore button\" href=\"https:\/\/www.radiomarket.fi\/en\/kohde\/ekum0443-philips-levysoittimellinen-malli\/\"> <span class=\"screen-reader-text\">EKUM0443 Philips, levysoittimellinen malli<\/span>Read More<\/a><\/p>","protected":false},"featured_media":29126,"template":"","meta":[],"_links":{"self":[{"href":"https:\/\/www.radiomarket.fi\/en\/wp-json\/wp\/v2\/product\/29054"}],"collection":[{"href":"https:\/\/www.radiomarket.fi\/en\/wp-json\/wp\/v2\/product"}],"about":[{"href":"https:\/\/www.radiomarket.fi\/en\/wp-json\/wp\/v2\/types\/product"}],"wp:featuredmedia":[{"embeddable":true,"href":"https:\/\/www.radiomarket.fi\/en\/wp-json\/wp\/v2\/media\/29126"}],"wp:attachment":[{"href":"https:\/\/www.radiomarket.fi\/en\/wp-json\/wp\/v2\/media?parent=29054"}],"curies":[{"name":"wp","href":"https:\/\/api.w.org\/{rel}","templated":true}]}}