{"id":29194,"date":"2021-10-19T16:01:15","date_gmt":"2021-10-19T13:01:15","guid":{"rendered":"https:\/\/www.radiomarket.fi\/?post_type=product&#038;p=29194"},"modified":"2022-02-25T05:20:13","modified_gmt":"2022-02-25T03:20:13","slug":"lars0042-philips-h5sf73a-kotelo-levysoitin-kaiuttimet","status":"publish","type":"product","link":"https:\/\/www.radiomarket.fi\/en\/kohde\/lars0042-philips-h5sf73a-kotelo-levysoitin-kaiuttimet\/","title":{"rendered":"LARS0042 Philips H5SF73A kotelo, levysoitin AG2002(?), kaiuttimet"},"content":{"rendered":"<p>Kohtuullinen kotelo (kulmassa lohkeama), levysoitin (ei tutkittu tarkemmin kuntoa) luultavasti mallia AG2002, p\u00e4\u00e4tykaiuttimet, p\u00e4\u00e4tykaiutinritil\u00e4t.<br \/><br \/><strong>Myytyj\u00e4 \/ poistettuja osia ainakin seuraavat:<\/strong><br \/><br \/>Ei koneistoa, asteikkolasia, nuppeja, painonappeja, eik\u00e4 takalevy\u00e4. Toisesta p\u00e4\u00e4tyritil\u00e4st\u00e4 puuttuu ainakin yksi ruuvi ja listassa paha painauma.<br \/><br \/>Muitakin osia saattaa olla poistettu. Tarkista tietojen oikeellisuus myyj\u00e4lt\u00e4. Kysy tarvitsemiasi osia!<br \/><br \/><\/p>","protected":false},"excerpt":{"rendered":"<p>Kohtuullinen kotelo (kulmassa lohkeama), levysoitin (ei tutkittu tarkemmin kuntoa) luultavasti mallia AG2002, p\u00e4\u00e4tykaiuttimet, p\u00e4\u00e4tykaiutinritil\u00e4t.Myytyj\u00e4 \/ poistettuja osia ainakin seuraavat:Ei koneistoa, asteikkolasia, nuppeja, painonappeja, eik\u00e4 takalevy\u00e4. Toisesta p\u00e4\u00e4tyritil\u00e4st\u00e4 puuttuu ainakin yksi ruuvi ja listassa paha painauma.Muitakin osia saattaa olla poistettu. Tarkista tietojen oikeellisuus myyj\u00e4lt\u00e4. Kysy tarvitsemiasi osia!<\/p>","protected":false},"featured_media":29204,"template":"","meta":[],"_links":{"self":[{"href":"https:\/\/www.radiomarket.fi\/en\/wp-json\/wp\/v2\/product\/29194"}],"collection":[{"href":"https:\/\/www.radiomarket.fi\/en\/wp-json\/wp\/v2\/product"}],"about":[{"href":"https:\/\/www.radiomarket.fi\/en\/wp-json\/wp\/v2\/types\/product"}],"wp:featuredmedia":[{"embeddable":true,"href":"https:\/\/www.radiomarket.fi\/en\/wp-json\/wp\/v2\/media\/29204"}],"wp:attachment":[{"href":"https:\/\/www.radiomarket.fi\/en\/wp-json\/wp\/v2\/media?parent=29194"}],"curies":[{"name":"wp","href":"https:\/\/api.w.org\/{rel}","templated":true}]}}