{"id":29196,"date":"2021-10-19T16:25:31","date_gmt":"2021-10-19T13:25:31","guid":{"rendered":"https:\/\/www.radiomarket.fi\/?post_type=product&#038;p=29196"},"modified":"2024-07-01T10:32:29","modified_gmt":"2024-07-01T07:32:29","slug":"lars0043-helvar-3d-sointi","status":"publish","type":"product","link":"https:\/\/www.radiomarket.fi\/en\/kohde\/lars0043-helvar-3d-sointi\/","title":{"rendered":"LARS0043 Helvar 3D sointi levysoittimella AG2002(?)"},"content":{"rendered":"<p>Melko hyv\u00e4 kotelo, levysoitin (Philips, malli saattaa olla AG2002?), p\u00e4\u00e4tykaiuttimet.<br \/><br \/><strong>Myytyj\u00e4 \/ poistettuja osia ainakin seuraavat:<\/strong><br \/><br \/>Ei koneistoa, asteikkolasia, nuppeja, painonappeja, eik\u00e4 takalevy\u00e4.<br \/>Kangas myyty varaosaksi, ei etukaiutinelementti\u00e4 eik\u00e4 kankaan logoa. Em. logoja l\u00f6ytyy logot-kategoriasta.<br \/><br \/>Muitakin osia saattaa olla poistettu. Tarkista tietojen oikeellisuus myyj\u00e4lt\u00e4. Kysy tarvitsemiasi osia!<br \/><br \/><\/p>","protected":false},"excerpt":{"rendered":"<p>Melko hyv\u00e4 kotelo, levysoitin (Philips, malli saattaa olla AG2002?), p\u00e4\u00e4tykaiuttimet.Myytyj\u00e4 \/ poistettuja osia ainakin seuraavat:Ei koneistoa, asteikkolasia, nuppeja, painonappeja, eik\u00e4 takalevy\u00e4.Kangas myyty varaosaksi, ei etukaiutinelementti\u00e4 eik\u00e4 kankaan logoa. Em. logoja l\u00f6ytyy logot-kategoriasta.Muitakin osia saattaa olla poistettu. Tarkista tietojen oikeellisuus myyj\u00e4lt\u00e4. Kysy tarvitsemiasi osia!<\/p>","protected":false},"featured_media":29203,"template":"","meta":[],"_links":{"self":[{"href":"https:\/\/www.radiomarket.fi\/en\/wp-json\/wp\/v2\/product\/29196"}],"collection":[{"href":"https:\/\/www.radiomarket.fi\/en\/wp-json\/wp\/v2\/product"}],"about":[{"href":"https:\/\/www.radiomarket.fi\/en\/wp-json\/wp\/v2\/types\/product"}],"wp:featuredmedia":[{"embeddable":true,"href":"https:\/\/www.radiomarket.fi\/en\/wp-json\/wp\/v2\/media\/29203"}],"wp:attachment":[{"href":"https:\/\/www.radiomarket.fi\/en\/wp-json\/wp\/v2\/media?parent=29196"}],"curies":[{"name":"wp","href":"https:\/\/api.w.org\/{rel}","templated":true}]}}