{"id":29262,"date":"2021-10-23T13:08:38","date_gmt":"2021-10-23T10:08:38","guid":{"rendered":"https:\/\/www.radiomarket.fi\/?post_type=product&#038;p=29262"},"modified":"2023-06-30T11:02:59","modified_gmt":"2023-06-30T08:02:59","slug":"ekus0602-helvar-jupiter","status":"publish","type":"product","link":"https:\/\/www.radiomarket.fi\/en\/kohde\/ekus0602-helvar-jupiter\/","title":{"rendered":"EKUS0602 Helvar Jupiter"},"content":{"rendered":"<p>Kokonaisen oloinen, mutta ei putkia. Tiedustele tarvitsemiasi osia. Listahinta t\u00e4st\u00e4 saatavien varaosien arvioitu yhteishinta.<br \/><br \/><strong>Ainakin seuraavat osat poistettu \/ rikki:<\/strong><br \/><br \/>Ei putkia. Kaksi painonappia eri v\u00e4risi\u00e4, kotelossa p\u00e4\u00e4ll\u00e4 valkoisia roiskeita. Ei ainakaan etukaiuttimia. Ei virtajohtoa.<br \/><br \/>Ei tutkittu tarkemmin. Muitakin osia saattaa olla purettu. Varmista tietojen oikeellisuus myyj\u00e4lt\u00e4.<\/p>","protected":false},"excerpt":{"rendered":"<p>Kokonaisen oloinen, mutta ei putkia. Tiedustele tarvitsemiasi osia. Listahinta t\u00e4st\u00e4 saatavien varaosien arvioitu yhteishinta.Ainakin seuraavat osat poistettu \/ rikki:Ei putkia. Kaksi painonappia eri v\u00e4risi\u00e4, kotelossa p\u00e4\u00e4ll\u00e4 valkoisia roiskeita. Ei ainakaan etukaiuttimia. Ei virtajohtoa.Ei tutkittu tarkemmin. Muitakin osia saattaa olla purettu. Varmista tietojen oikeellisuus myyj\u00e4lt\u00e4.<\/p>","protected":false},"featured_media":29964,"template":"","meta":[],"_links":{"self":[{"href":"https:\/\/www.radiomarket.fi\/en\/wp-json\/wp\/v2\/product\/29262"}],"collection":[{"href":"https:\/\/www.radiomarket.fi\/en\/wp-json\/wp\/v2\/product"}],"about":[{"href":"https:\/\/www.radiomarket.fi\/en\/wp-json\/wp\/v2\/types\/product"}],"wp:featuredmedia":[{"embeddable":true,"href":"https:\/\/www.radiomarket.fi\/en\/wp-json\/wp\/v2\/media\/29964"}],"wp:attachment":[{"href":"https:\/\/www.radiomarket.fi\/en\/wp-json\/wp\/v2\/media?parent=29262"}],"curies":[{"name":"wp","href":"https:\/\/api.w.org\/{rel}","templated":true}]}}