{"id":29268,"date":"2023-10-25T13:36:57","date_gmt":"2023-10-25T10:36:57","guid":{"rendered":"https:\/\/www.radiomarket.fi\/?post_type=product&#038;p=29268"},"modified":"2023-11-02T13:00:55","modified_gmt":"2023-11-02T11:00:55","slug":"ekus0607-fenno-seura-f275v","status":"publish","type":"product","link":"https:\/\/www.radiomarket.fi\/en\/kohde\/ekus0607-fenno-seura-f275v\/","title":{"rendered":"EKUS0607 Fenno Seura F275V (Philips B5SF72A) puretaan"},"content":{"rendered":"<p>Kokonaisen oloinen, mutta ei putkia. Kotelon p\u00e4\u00e4ll\u00e4 aiempaa kosteusj\u00e4lke\u00e4. Ei tutkittu tarkemmin. Varmista tietojen oikeellisuus myyj\u00e4lt\u00e4.\u00a0<br \/><br \/><strong>Ainakin seuraavat osat poistettu \/ rikki:<\/strong><br \/><br \/>Ei putkia.<br \/>Pienemm\u00e4n muuntajan juotoskorvakkeista pari murtunut.<br \/>Yksi putkenkannoista lohjennut.\u00a0<br \/>Etukangas purettu varaosaksi.<\/p>","protected":false},"excerpt":{"rendered":"<p>Suosittelemme s\u00e4rkyv\u00e4 -lis\u00e4palvelua t\u00e4m\u00e4n tuotekategorian tuotteille.<\/p>","protected":false},"featured_media":29961,"template":"","meta":[],"_links":{"self":[{"href":"https:\/\/www.radiomarket.fi\/en\/wp-json\/wp\/v2\/product\/29268"}],"collection":[{"href":"https:\/\/www.radiomarket.fi\/en\/wp-json\/wp\/v2\/product"}],"about":[{"href":"https:\/\/www.radiomarket.fi\/en\/wp-json\/wp\/v2\/types\/product"}],"wp:featuredmedia":[{"embeddable":true,"href":"https:\/\/www.radiomarket.fi\/en\/wp-json\/wp\/v2\/media\/29961"}],"wp:attachment":[{"href":"https:\/\/www.radiomarket.fi\/en\/wp-json\/wp\/v2\/media?parent=29268"}],"curies":[{"name":"wp","href":"https:\/\/api.w.org\/{rel}","templated":true}]}}