{"id":29273,"date":"2021-10-23T15:06:18","date_gmt":"2021-10-23T12:06:18","guid":{"rendered":"https:\/\/www.radiomarket.fi\/?post_type=product&#038;p=29273"},"modified":"2022-01-07T23:26:27","modified_gmt":"2022-01-07T21:26:27","slug":"ekus0611-dual-1210","status":"publish","type":"product","link":"https:\/\/www.radiomarket.fi\/en\/kohde\/ekus0611-dual-1210\/","title":{"rendered":"EKUS0611 Dual 1210"},"content":{"rendered":"<p>Hyv\u00e4 kansi, mutta vaikuttaa olevan isompi kuin itse laite, ehk\u00e4 eri laitteesta per\u00e4isin. \u00c4\u00e4nirasia ja neulan suojus l\u00f6ytyy. Ei tutkittu tarkemmin. Varmista tietojen oikeellisuus myyj\u00e4lt\u00e4.\u00a0<br \/><br \/><strong>Ainakin seuraavat osat poistettu \/ rikki:<\/strong><br \/><br \/>&#8211;<br \/><br \/><\/p>","protected":false},"excerpt":{"rendered":"<p>Hyv\u00e4 kansi, mutta vaikuttaa olevan isompi kuin itse laite, ehk\u00e4 eri laitteesta per\u00e4isin. \u00c4\u00e4nirasia ja neulan suojus l\u00f6ytyy. Ei tutkittu tarkemmin. Varmista tietojen oikeellisuus myyj\u00e4lt\u00e4.\u00a0Ainakin seuraavat osat poistettu \/ rikki:&#8211;<\/p>","protected":false},"featured_media":29950,"template":"","meta":[],"_links":{"self":[{"href":"https:\/\/www.radiomarket.fi\/en\/wp-json\/wp\/v2\/product\/29273"}],"collection":[{"href":"https:\/\/www.radiomarket.fi\/en\/wp-json\/wp\/v2\/product"}],"about":[{"href":"https:\/\/www.radiomarket.fi\/en\/wp-json\/wp\/v2\/types\/product"}],"wp:featuredmedia":[{"embeddable":true,"href":"https:\/\/www.radiomarket.fi\/en\/wp-json\/wp\/v2\/media\/29950"}],"wp:attachment":[{"href":"https:\/\/www.radiomarket.fi\/en\/wp-json\/wp\/v2\/media?parent=29273"}],"curies":[{"name":"wp","href":"https:\/\/api.w.org\/{rel}","templated":true}]}}