{"id":29275,"date":"2021-10-23T15:11:12","date_gmt":"2021-10-23T12:11:12","guid":{"rendered":"https:\/\/www.radiomarket.fi\/?post_type=product&#038;p=29275"},"modified":"2022-08-25T17:49:54","modified_gmt":"2022-08-25T14:49:54","slug":"ekus0612-philips-typ-b3s-81-a","status":"publish","type":"product","link":"https:\/\/www.radiomarket.fi\/en\/kohde\/ekus0612-philips-typ-b3s-81-a\/","title":{"rendered":"EKUS0612 Philips Typ B3S 81 A"},"content":{"rendered":"<p>Ei putkia. Kaiutinelementti AD3460M. Oikeanpuoleinen isompi nuppi v\u00e4\u00e4r\u00e4. Ei tutkittu tarkemmin. Varmista tietojen oikeellisuus myyj\u00e4lt\u00e4.\u00a0<br \/><br \/>Tiedustele tarvitsemiasi osia. Listahinta t\u00e4st\u00e4 saatavien varaosien arvioitu kokonaishinta purettuina. Esim. painonapit 5\u20ac\/kpl. Kaiutinelementti 8\u20ac. Maski 10\u20ac, asteikkolasi 12\u20ac jne<br \/><br \/><strong>Ainakin seuraavat osat poistettu \/ rikki:<\/strong><br \/><br \/>-Kotelossa ei p\u00e4\u00e4llysosaa.<br \/>-Takalevyn yl\u00e4osassa nirhauma.<br \/><br \/><\/p>","protected":false},"excerpt":{"rendered":"<p>Ei putkia. Kaiutinelementti AD3460M. Oikeanpuoleinen isompi nuppi v\u00e4\u00e4r\u00e4. Ei tutkittu tarkemmin. Varmista tietojen oikeellisuus myyj\u00e4lt\u00e4.\u00a0Tiedustele tarvitsemiasi osia. Listahinta t\u00e4st\u00e4 saatavien varaosien arvioitu kokonaishinta purettuina. Esim. painonapit 5\u20ac\/kpl. Kaiutinelementti 8\u20ac. Maski 10\u20ac, asteikkolasi 12\u20ac jneAinakin seuraavat osat poistettu \/ rikki:-Kotelossa ei p\u00e4\u00e4llysosaa.-Takalevyn yl\u00e4osassa nirhauma.<\/p>","protected":false},"featured_media":29955,"template":"","meta":[],"_links":{"self":[{"href":"https:\/\/www.radiomarket.fi\/en\/wp-json\/wp\/v2\/product\/29275"}],"collection":[{"href":"https:\/\/www.radiomarket.fi\/en\/wp-json\/wp\/v2\/product"}],"about":[{"href":"https:\/\/www.radiomarket.fi\/en\/wp-json\/wp\/v2\/types\/product"}],"wp:featuredmedia":[{"embeddable":true,"href":"https:\/\/www.radiomarket.fi\/en\/wp-json\/wp\/v2\/media\/29955"}],"wp:attachment":[{"href":"https:\/\/www.radiomarket.fi\/en\/wp-json\/wp\/v2\/media?parent=29275"}],"curies":[{"name":"wp","href":"https:\/\/api.w.org\/{rel}","templated":true}]}}