{"id":29276,"date":"2021-10-23T15:15:46","date_gmt":"2021-10-23T12:15:46","guid":{"rendered":"https:\/\/www.radiomarket.fi\/?post_type=product&#038;p=29276"},"modified":"2022-01-08T00:10:54","modified_gmt":"2022-01-07T22:10:54","slug":"ekus0613-silcox-consul-475-w","status":"publish","type":"product","link":"https:\/\/www.radiomarket.fi\/en\/kohde\/ekus0613-silcox-consul-475-w\/","title":{"rendered":"EKUS0613 Silcox Consul 475 W"},"content":{"rendered":"<p>Ei putkia. Kotelon p\u00e4\u00e4ll\u00e4 vesij\u00e4lke\u00e4. Ei tutkittu tarkemmin. Varmista tietojen oikeellisuus myyj\u00e4lt\u00e4.\u00a0<br \/><br \/><strong>Ainakin seuraavat osat poistettu \/ rikki:<\/strong><br \/><br \/>Ei putkia.<br \/><br \/><\/p>","protected":false},"excerpt":{"rendered":"<p>Ei putkia. Kotelon p\u00e4\u00e4ll\u00e4 vesij\u00e4lke\u00e4. Ei tutkittu tarkemmin. Varmista tietojen oikeellisuus myyj\u00e4lt\u00e4.\u00a0Ainakin seuraavat osat poistettu \/ rikki:Ei putkia.<\/p>","protected":false},"featured_media":29978,"template":"","meta":[],"_links":{"self":[{"href":"https:\/\/www.radiomarket.fi\/en\/wp-json\/wp\/v2\/product\/29276"}],"collection":[{"href":"https:\/\/www.radiomarket.fi\/en\/wp-json\/wp\/v2\/product"}],"about":[{"href":"https:\/\/www.radiomarket.fi\/en\/wp-json\/wp\/v2\/types\/product"}],"wp:featuredmedia":[{"embeddable":true,"href":"https:\/\/www.radiomarket.fi\/en\/wp-json\/wp\/v2\/media\/29978"}],"wp:attachment":[{"href":"https:\/\/www.radiomarket.fi\/en\/wp-json\/wp\/v2\/media?parent=29276"}],"curies":[{"name":"wp","href":"https:\/\/api.w.org\/{rel}","templated":true}]}}