{"id":29277,"date":"2021-10-23T15:23:09","date_gmt":"2021-10-23T12:23:09","guid":{"rendered":"https:\/\/www.radiomarket.fi\/?post_type=product&#038;p=29277"},"modified":"2022-09-12T10:41:10","modified_gmt":"2022-09-12T07:41:10","slug":"ekus0614-salora-810v","status":"publish","type":"product","link":"https:\/\/www.radiomarket.fi\/en\/kohde\/ekus0614-salora-810v\/","title":{"rendered":"EKUS0614 Salora 810V"},"content":{"rendered":"<p>Ei putkia. Virtajohto vaihdettu. Kohtuullinen kotelo. Takakannen tekstit vihre\u00e4t, oikeanpuoleisessa nupissa p\u00f6lykapseli tallessa.<br \/><br \/>Etukaiutin ruskea Plessey 6\u00d710 tuuman kaiutin. Ainakin Salora 810V ja joissakin Riviera -radioissa on k\u00e4ytetty samanlaisia. T\u00e4ss\u00e4 yksil\u00f6ss\u00e4 ei diskanttikaiutinta (Isophon)<\/p><p>Ei tutkittu tarkemmin. Varmista tietojen oikeellisuus myyj\u00e4lt\u00e4.\u00a0<br \/><br \/><strong>Ainakin seuraavat osat poistettu \/ rikki:<\/strong><br \/><br \/>Ei putkia.<br \/>Vasemman puolen nupin p\u00f6lykapseli puuttuu.<br \/><br \/><\/p>","protected":false},"excerpt":{"rendered":"<p>Ei putkia. Virtajohto vaihdettu. Kohtuullinen kotelo. Takakannen tekstit vihre\u00e4t, oikeanpuoleisessa nupissa p\u00f6lykapseli tallessa.Etukaiutin ruskea Plessey 6\u00d710 tuuman kaiutin. Ainakin Salora 810V ja joissakin Riviera -radioissa on k\u00e4ytetty samanlaisia. T\u00e4ss\u00e4 yksil\u00f6ss\u00e4 ei diskanttikaiutinta (Isophon)Ei tutkittu tarkemmin. Varmista tietojen oikeellisuus myyj\u00e4lt\u00e4.\u00a0Ainakin seuraavat osat poistettu \/ rikki:Ei putkia.Vasemman puolen nupin p\u00f6lykapseli puuttuu.<\/p>","protected":false},"featured_media":29941,"template":"","meta":[],"_links":{"self":[{"href":"https:\/\/www.radiomarket.fi\/en\/wp-json\/wp\/v2\/product\/29277"}],"collection":[{"href":"https:\/\/www.radiomarket.fi\/en\/wp-json\/wp\/v2\/product"}],"about":[{"href":"https:\/\/www.radiomarket.fi\/en\/wp-json\/wp\/v2\/types\/product"}],"wp:featuredmedia":[{"embeddable":true,"href":"https:\/\/www.radiomarket.fi\/en\/wp-json\/wp\/v2\/media\/29941"}],"wp:attachment":[{"href":"https:\/\/www.radiomarket.fi\/en\/wp-json\/wp\/v2\/media?parent=29277"}],"curies":[{"name":"wp","href":"https:\/\/api.w.org\/{rel}","templated":true}]}}