{"id":29278,"date":"2021-10-23T15:50:11","date_gmt":"2021-10-23T12:50:11","guid":{"rendered":"https:\/\/www.radiomarket.fi\/?post_type=product&#038;p=29278"},"modified":"2022-09-20T16:40:01","modified_gmt":"2022-09-20T13:40:01","slug":"ekus0615-salora-810v","status":"publish","type":"product","link":"https:\/\/www.radiomarket.fi\/en\/kohde\/ekus0615-salora-810v\/","title":{"rendered":"EKUS0615 Salora 810V"},"content":{"rendered":"<p>Ei putkia. Alkuper\u00e4inen virtajohto. Kohtuullinen kotelo. Vihre\u00e4t tekstit takakannessa. Ei tutkittu tarkemmin. Varmista tietojen oikeellisuus myyj\u00e4lt\u00e4. Siipimerkki tallessa.<br \/><br \/>Ulompi (pienempi) nuppi sama kuin mallissa Salora 1000V (p\u00f6lykapselit tippuvat n\u00e4ist\u00e4 usein, nupin runko sama).<br \/><br \/><strong>Ainakin seuraavat osat poistettu \/ rikki:<\/strong><br \/><br \/>Ei putkia.<br \/>Molempien nuppien p\u00f6lykapselit puuttuvat.<br \/><br \/><\/p>","protected":false},"excerpt":{"rendered":"<p>Ei putkia. Alkuper\u00e4inen virtajohto. Kohtuullinen kotelo. Vihre\u00e4t tekstit takakannessa. Ei tutkittu tarkemmin. Varmista tietojen oikeellisuus myyj\u00e4lt\u00e4. Siipimerkki tallessa.Ulompi (pienempi) nuppi sama kuin mallissa Salora 1000V (p\u00f6lykapselit tippuvat n\u00e4ist\u00e4 usein, nupin runko sama).Ainakin seuraavat osat poistettu \/ rikki:Ei putkia.Molempien nuppien p\u00f6lykapselit puuttuvat.<\/p>","protected":false},"featured_media":29943,"template":"","meta":[],"_links":{"self":[{"href":"https:\/\/www.radiomarket.fi\/en\/wp-json\/wp\/v2\/product\/29278"}],"collection":[{"href":"https:\/\/www.radiomarket.fi\/en\/wp-json\/wp\/v2\/product"}],"about":[{"href":"https:\/\/www.radiomarket.fi\/en\/wp-json\/wp\/v2\/types\/product"}],"wp:featuredmedia":[{"embeddable":true,"href":"https:\/\/www.radiomarket.fi\/en\/wp-json\/wp\/v2\/media\/29943"}],"wp:attachment":[{"href":"https:\/\/www.radiomarket.fi\/en\/wp-json\/wp\/v2\/media?parent=29278"}],"curies":[{"name":"wp","href":"https:\/\/api.w.org\/{rel}","templated":true}]}}