{"id":29281,"date":"2021-10-23T16:02:35","date_gmt":"2021-10-23T13:02:35","guid":{"rendered":"https:\/\/www.radiomarket.fi\/?post_type=product&#038;p=29281"},"modified":"2024-03-22T14:13:34","modified_gmt":"2024-03-22T12:13:34","slug":"ekus0617-salora-810v","status":"publish","type":"product","link":"https:\/\/www.radiomarket.fi\/en\/kohde\/ekus0617-salora-810v\/","title":{"rendered":"EKUS0617 Salora 810V puretaan"},"content":{"rendered":"<p>Ei putkia. Virtajohto vaihdettu. Kosteusvikaa kotelossa. Huono asteikkolasi. Nupeissa ei p\u00f6lykapseleita. T\u00e4ss\u00e4 yksil\u00f6ss\u00e4 my\u00f6s Isophon diskanttikaiutin. Ainakin yksi paperivahakondensaattoreista irronnut. Siipimerkki (10\u20ac) j\u00e4ljell\u00e4. Ei tutkittu tarkemmin. Varmista tietojen oikeellisuus myyj\u00e4lt\u00e4. Tuotteen hinta t\u00e4st\u00e4 saatavien varaosien ajateltu yhteishinta.<br \/><br \/><strong>Ainakin seuraavat osat poistettu \/ rikki:<\/strong><br \/><br \/>Ei putkia.<br \/>Nuppien p\u00f6lykapselit puuttuvat.<br \/>Ei painonappeja, t\u00e4h\u00e4n malliin sopivia painonappeja tuotekoodilla EKUS0227.<br \/>Asteikkolasi huono.<br \/>Etukaiutin (Plessey) myyty varaosaksi.<br \/>Koneistosta irrotettu volumepotikka varaosaksi.\u00a0<br \/>Toinen isommista nupeista myyty.<br \/>Antennissa ei lattaliittimi\u00e4.<br \/><br \/><\/p>","protected":false},"excerpt":{"rendered":"<p>Ei putkia. Virtajohto vaihdettu. Kosteusvikaa kotelossa. Huono asteikkolasi. Nupeissa ei p\u00f6lykapseleita. T\u00e4ss\u00e4 yksil\u00f6ss\u00e4 my\u00f6s Isophon diskanttikaiutin. Ainakin yksi paperivahakondensaattoreista irronnut. Siipimerkki (10\u20ac) j\u00e4ljell\u00e4. Ei tutkittu tarkemmin. Varmista tietojen oikeellisuus myyj\u00e4lt\u00e4. Tuotteen hinta t\u00e4st\u00e4 saatavien varaosien ajateltu yhteishinta.Ainakin seuraavat osat poistettu \/ rikki:Ei putkia.Nuppien p\u00f6lykapselit puuttuvat.Ei painonappeja, t\u00e4h\u00e4n malliin sopivia painonappeja tuotekoodilla EKUS0227.Asteikkolasi huono.Etukaiutin (Plessey) myyty &hellip;<\/p>\n<p class=\"read-more\"> <a class=\"thunk-readmore button\" href=\"https:\/\/www.radiomarket.fi\/en\/kohde\/ekus0617-salora-810v\/\"> <span class=\"screen-reader-text\">EKUS0617 Salora 810V puretaan<\/span>Read More<\/a><\/p>","protected":false},"featured_media":29946,"template":"","meta":[],"_links":{"self":[{"href":"https:\/\/www.radiomarket.fi\/en\/wp-json\/wp\/v2\/product\/29281"}],"collection":[{"href":"https:\/\/www.radiomarket.fi\/en\/wp-json\/wp\/v2\/product"}],"about":[{"href":"https:\/\/www.radiomarket.fi\/en\/wp-json\/wp\/v2\/types\/product"}],"wp:featuredmedia":[{"embeddable":true,"href":"https:\/\/www.radiomarket.fi\/en\/wp-json\/wp\/v2\/media\/29946"}],"wp:attachment":[{"href":"https:\/\/www.radiomarket.fi\/en\/wp-json\/wp\/v2\/media?parent=29281"}],"curies":[{"name":"wp","href":"https:\/\/api.w.org\/{rel}","templated":true}]}}