{"id":29282,"date":"2021-10-23T16:15:21","date_gmt":"2021-10-23T13:15:21","guid":{"rendered":"https:\/\/www.radiomarket.fi\/?post_type=product&#038;p=29282"},"modified":"2022-08-20T15:56:52","modified_gmt":"2022-08-20T12:56:52","slug":"ekus0619-asa-124-p","status":"publish","type":"product","link":"https:\/\/www.radiomarket.fi\/en\/kohde\/ekus0619-asa-124-p\/","title":{"rendered":"EKUS0619 ASA 124 P"},"content":{"rendered":"<p>Ei putkia. Siisti kotelo. Asteikko kohtuullinen.<\/p><p>My\u00f6s kokonaisena myyt\u00e4v\u00e4 kohde, varsin siistinoloinen aihio.<\/p><p>Ei tutkittu tarkemmin. Varmista tietojen oikeellisuus myyj\u00e4lt\u00e4.\u00a0<br \/><br \/><strong>Ainakin seuraavat osat poistettu \/ rikki:<\/strong><br \/><br \/>Ei putkia.<br \/><br \/><\/p>","protected":false},"excerpt":{"rendered":"<p>Ei putkia. Siisti kotelo. Asteikko kohtuullinen.My\u00f6s kokonaisena myyt\u00e4v\u00e4 kohde, varsin siistinoloinen aihio.Ei tutkittu tarkemmin. Varmista tietojen oikeellisuus myyj\u00e4lt\u00e4.\u00a0Ainakin seuraavat osat poistettu \/ rikki:Ei putkia.<\/p>","protected":false},"featured_media":29933,"template":"","meta":[],"_links":{"self":[{"href":"https:\/\/www.radiomarket.fi\/en\/wp-json\/wp\/v2\/product\/29282"}],"collection":[{"href":"https:\/\/www.radiomarket.fi\/en\/wp-json\/wp\/v2\/product"}],"about":[{"href":"https:\/\/www.radiomarket.fi\/en\/wp-json\/wp\/v2\/types\/product"}],"wp:featuredmedia":[{"embeddable":true,"href":"https:\/\/www.radiomarket.fi\/en\/wp-json\/wp\/v2\/media\/29933"}],"wp:attachment":[{"href":"https:\/\/www.radiomarket.fi\/en\/wp-json\/wp\/v2\/media?parent=29282"}],"curies":[{"name":"wp","href":"https:\/\/api.w.org\/{rel}","templated":true}]}}