{"id":29284,"date":"2021-10-23T16:26:29","date_gmt":"2021-10-23T13:26:29","guid":{"rendered":"https:\/\/www.radiomarket.fi\/?post_type=product&#038;p=29284"},"modified":"2023-05-26T16:24:46","modified_gmt":"2023-05-26T13:24:46","slug":"ekus0620-harmon-675-w-ula","status":"publish","type":"product","link":"https:\/\/www.radiomarket.fi\/en\/kohde\/ekus0620-harmon-675-w-ula\/","title":{"rendered":"EKUS0620 Harmon 675 W-ULA"},"content":{"rendered":"<p>Ei putkia. Kokonaisen oloinen p\u00e4\u00e4llep\u00e4in. Kohtuullisen hyv\u00e4 kotelo.\u00a0<br \/><br \/><strong>Ainakin seuraavat osat poistettu \/ rikki:<\/strong><br \/><br \/>Ei putkia.<br \/><br \/>Ei tutkittu tarkemmin. Muitakin osia saattaa olla purettu. Varmista tietojen oikeellisuus myyj\u00e4lt\u00e4.\u00a0<br \/><br \/><\/p>","protected":false},"excerpt":{"rendered":"<p>Ei putkia. Kokonaisen oloinen p\u00e4\u00e4llep\u00e4in. Kohtuullisen hyv\u00e4 kotelo.\u00a0Ainakin seuraavat osat poistettu \/ rikki:Ei putkia.Ei tutkittu tarkemmin. Muitakin osia saattaa olla purettu. Varmista tietojen oikeellisuus myyj\u00e4lt\u00e4.\u00a0<\/p>","protected":false},"featured_media":0,"template":"","meta":[],"_links":{"self":[{"href":"https:\/\/www.radiomarket.fi\/en\/wp-json\/wp\/v2\/product\/29284"}],"collection":[{"href":"https:\/\/www.radiomarket.fi\/en\/wp-json\/wp\/v2\/product"}],"about":[{"href":"https:\/\/www.radiomarket.fi\/en\/wp-json\/wp\/v2\/types\/product"}],"wp:attachment":[{"href":"https:\/\/www.radiomarket.fi\/en\/wp-json\/wp\/v2\/media?parent=29284"}],"curies":[{"name":"wp","href":"https:\/\/api.w.org\/{rel}","templated":true}]}}