{"id":29285,"date":"2021-10-23T16:28:29","date_gmt":"2021-10-23T13:28:29","guid":{"rendered":"https:\/\/www.radiomarket.fi\/?post_type=product&#038;p=29285"},"modified":"2022-08-24T11:44:20","modified_gmt":"2022-08-24T08:44:20","slug":"ekus0621-salora-670","status":"publish","type":"product","link":"https:\/\/www.radiomarket.fi\/en\/kohde\/ekus0621-salora-670\/","title":{"rendered":"EKUS0621 Salora 670"},"content":{"rendered":"<p>Ei putkia. Kokonaisen oloinen p\u00e4\u00e4llep\u00e4in. Kotelo kunnostettavissa. Virtajohto sis\u00e4puolella. Ei tutkittu tarkemmin. Varmista tietojen oikeellisuus myyj\u00e4lt\u00e4.<br \/><br \/><strong>Ainakin seuraavat osat poistettu \/ rikki:<\/strong><br \/><br \/>Ei putkia.<br \/><br \/><\/p>","protected":false},"excerpt":{"rendered":"<p>Ei putkia. Kokonaisen oloinen p\u00e4\u00e4llep\u00e4in. Kotelo kunnostettavissa. Virtajohto sis\u00e4puolella. Ei tutkittu tarkemmin. Varmista tietojen oikeellisuus myyj\u00e4lt\u00e4.Ainakin seuraavat osat poistettu \/ rikki:Ei putkia.<\/p>","protected":false},"featured_media":34361,"template":"","meta":[],"_links":{"self":[{"href":"https:\/\/www.radiomarket.fi\/en\/wp-json\/wp\/v2\/product\/29285"}],"collection":[{"href":"https:\/\/www.radiomarket.fi\/en\/wp-json\/wp\/v2\/product"}],"about":[{"href":"https:\/\/www.radiomarket.fi\/en\/wp-json\/wp\/v2\/types\/product"}],"wp:featuredmedia":[{"embeddable":true,"href":"https:\/\/www.radiomarket.fi\/en\/wp-json\/wp\/v2\/media\/34361"}],"wp:attachment":[{"href":"https:\/\/www.radiomarket.fi\/en\/wp-json\/wp\/v2\/media?parent=29285"}],"curies":[{"name":"wp","href":"https:\/\/api.w.org\/{rel}","templated":true}]}}