{"id":29287,"date":"2021-10-23T16:49:32","date_gmt":"2021-10-23T13:49:32","guid":{"rendered":"https:\/\/www.radiomarket.fi\/?post_type=product&#038;p=29287"},"modified":"2022-08-26T15:21:25","modified_gmt":"2022-08-26T12:21:25","slug":"ekus0622-asa-769","status":"publish","type":"product","link":"https:\/\/www.radiomarket.fi\/en\/kohde\/ekus0622-asa-769\/","title":{"rendered":"EKUS0622 ASA 769"},"content":{"rendered":"<p>Ei putkia. Kokonaisen oloinen p\u00e4\u00e4llep\u00e4in. Kotelossa paljon vesij\u00e4lke\u00e4. Virtajohto sis\u00e4puolella. Listahinta t\u00e4st\u00e4 saatavien varaosien arvioitu yhteishinta.\u00a0<br \/><br \/><strong>Ainakin seuraavat osat poistettu \/ rikki:<\/strong><br \/><br \/>Ei putkia.<br \/><br \/>Ei tutkittu tarkemmin. Muitakin osia saattaa olla poistettu. Varmista tietojen oikeellisuus myyj\u00e4lt\u00e4.\u00a0<br \/><br \/><\/p>","protected":false},"excerpt":{"rendered":"<p>Ei putkia. Kokonaisen oloinen p\u00e4\u00e4llep\u00e4in. Kotelossa paljon vesij\u00e4lke\u00e4. Virtajohto sis\u00e4puolella. Listahinta t\u00e4st\u00e4 saatavien varaosien arvioitu yhteishinta.\u00a0Ainakin seuraavat osat poistettu \/ rikki:Ei putkia.Ei tutkittu tarkemmin. Muitakin osia saattaa olla poistettu. Varmista tietojen oikeellisuus myyj\u00e4lt\u00e4.\u00a0<\/p>","protected":false},"featured_media":29975,"template":"","meta":[],"_links":{"self":[{"href":"https:\/\/www.radiomarket.fi\/en\/wp-json\/wp\/v2\/product\/29287"}],"collection":[{"href":"https:\/\/www.radiomarket.fi\/en\/wp-json\/wp\/v2\/product"}],"about":[{"href":"https:\/\/www.radiomarket.fi\/en\/wp-json\/wp\/v2\/types\/product"}],"wp:featuredmedia":[{"embeddable":true,"href":"https:\/\/www.radiomarket.fi\/en\/wp-json\/wp\/v2\/media\/29975"}],"wp:attachment":[{"href":"https:\/\/www.radiomarket.fi\/en\/wp-json\/wp\/v2\/media?parent=29287"}],"curies":[{"name":"wp","href":"https:\/\/api.w.org\/{rel}","templated":true}]}}