{"id":29288,"date":"2021-10-23T16:51:21","date_gmt":"2021-10-23T13:51:21","guid":{"rendered":"https:\/\/www.radiomarket.fi\/?post_type=product&#038;p=29288"},"modified":"2022-12-02T11:46:58","modified_gmt":"2022-12-02T09:46:58","slug":"ekus0623-luxor-popular-3694-w","status":"publish","type":"product","link":"https:\/\/www.radiomarket.fi\/en\/kohde\/ekus0623-luxor-popular-3694-w\/","title":{"rendered":"EKUS0623 Luxor Popul\u00e4r 3694 W puretaan"},"content":{"rendered":"<p>Aloitettu purkamaan. J\u00e4ljell\u00e4: siisti kotelo, dipoliantenni kotelon sis\u00e4puolella, takalevy, pohjalevy, etukaiutinelementti (R&amp;A?), t\u00e4ss\u00e4 mallissa ei ole lainkaan p\u00e4\u00e4tykaiuttimia, asteikkolasi (suomenkielinen asteikko). Tuotteen hinta j\u00e4ljell\u00e4 olevien varaosien ajateltu yhteishinta. Ei tutkittu tarkemmin. Varmista tietojen oikeellisuus myyj\u00e4lt\u00e4.\u00a0<br \/><br \/><strong>Ainakin seuraavat osat poistettu \/ rikki:<\/strong><br \/><br \/>Ei putkia.<br \/>Ei koneistoa (koneisto myyty s\u00e4vyns\u00e4\u00e4t\u00f6nuppeineen).<br \/>Ei painonappeja. Vastaavia painonappeja l\u00f6ytyy tuotenumerolla EKUS0221.<br \/>Ei nuppeja. Nuppeja l\u00f6ytyy tuotenumerolla EKUS0222 ja EKUS0223.<br \/>Ei s\u00e4vyns\u00e4\u00e4t\u00f6nuppien &#8220;kehyksi\u00e4&#8221;. Vastaavia l\u00f6ytyy tuotenumerolla EKUS0224.<br \/><br \/><\/p>","protected":false},"excerpt":{"rendered":"<p>Aloitettu purkamaan. J\u00e4ljell\u00e4: siisti kotelo, dipoliantenni kotelon sis\u00e4puolella, takalevy, pohjalevy, etukaiutinelementti (R&amp;A?), t\u00e4ss\u00e4 mallissa ei ole lainkaan p\u00e4\u00e4tykaiuttimia, asteikkolasi (suomenkielinen asteikko). Tuotteen hinta j\u00e4ljell\u00e4 olevien varaosien ajateltu yhteishinta. Ei tutkittu tarkemmin. Varmista tietojen oikeellisuus myyj\u00e4lt\u00e4.\u00a0Ainakin seuraavat osat poistettu \/ rikki:Ei putkia.Ei koneistoa (koneisto myyty s\u00e4vyns\u00e4\u00e4t\u00f6nuppeineen).Ei painonappeja. Vastaavia painonappeja l\u00f6ytyy tuotenumerolla EKUS0221.Ei nuppeja. Nuppeja l\u00f6ytyy tuotenumerolla &hellip;<\/p>\n<p class=\"read-more\"> <a class=\"thunk-readmore button\" href=\"https:\/\/www.radiomarket.fi\/en\/kohde\/ekus0623-luxor-popular-3694-w\/\"> <span class=\"screen-reader-text\">EKUS0623 Luxor Popul\u00e4r 3694 W puretaan<\/span>Read More<\/a><\/p>","protected":false},"featured_media":29953,"template":"","meta":[],"_links":{"self":[{"href":"https:\/\/www.radiomarket.fi\/en\/wp-json\/wp\/v2\/product\/29288"}],"collection":[{"href":"https:\/\/www.radiomarket.fi\/en\/wp-json\/wp\/v2\/product"}],"about":[{"href":"https:\/\/www.radiomarket.fi\/en\/wp-json\/wp\/v2\/types\/product"}],"wp:featuredmedia":[{"embeddable":true,"href":"https:\/\/www.radiomarket.fi\/en\/wp-json\/wp\/v2\/media\/29953"}],"wp:attachment":[{"href":"https:\/\/www.radiomarket.fi\/en\/wp-json\/wp\/v2\/media?parent=29288"}],"curies":[{"name":"wp","href":"https:\/\/api.w.org\/{rel}","templated":true}]}}