{"id":29290,"date":"2021-10-23T16:56:29","date_gmt":"2021-10-23T13:56:29","guid":{"rendered":"https:\/\/www.radiomarket.fi\/?post_type=product&#038;p=29290"},"modified":"2022-08-19T20:25:06","modified_gmt":"2022-08-19T17:25:06","slug":"ekus0624-asa-844","status":"publish","type":"product","link":"https:\/\/www.radiomarket.fi\/en\/kohde\/ekus0624-asa-844\/","title":{"rendered":"EKUS0624 ASA 844"},"content":{"rendered":"<p>Ei putkia. Huonohko kotelo, mutta p\u00e4\u00e4tykaiutinritil\u00e4t vaikuttavat ehjilt\u00e4. Ei tutkittu tarkemmin. Varmista tietojen oikeellisuus myyj\u00e4lt\u00e4.\u00a0<br \/><br \/><strong>Ainakin seuraavat osat poistettu \/ rikki:<\/strong><br \/><br \/>Ei putkia.<br \/><br \/><\/p>","protected":false},"excerpt":{"rendered":"<p>Ei putkia. Huonohko kotelo, mutta p\u00e4\u00e4tykaiutinritil\u00e4t vaikuttavat ehjilt\u00e4. Ei tutkittu tarkemmin. Varmista tietojen oikeellisuus myyj\u00e4lt\u00e4.\u00a0Ainakin seuraavat osat poistettu \/ rikki:Ei putkia.<\/p>","protected":false},"featured_media":29929,"template":"","meta":[],"_links":{"self":[{"href":"https:\/\/www.radiomarket.fi\/en\/wp-json\/wp\/v2\/product\/29290"}],"collection":[{"href":"https:\/\/www.radiomarket.fi\/en\/wp-json\/wp\/v2\/product"}],"about":[{"href":"https:\/\/www.radiomarket.fi\/en\/wp-json\/wp\/v2\/types\/product"}],"wp:featuredmedia":[{"embeddable":true,"href":"https:\/\/www.radiomarket.fi\/en\/wp-json\/wp\/v2\/media\/29929"}],"wp:attachment":[{"href":"https:\/\/www.radiomarket.fi\/en\/wp-json\/wp\/v2\/media?parent=29290"}],"curies":[{"name":"wp","href":"https:\/\/api.w.org\/{rel}","templated":true}]}}