{"id":29291,"date":"2025-12-17T13:03:13","date_gmt":"2025-12-17T11:03:13","guid":{"rendered":"https:\/\/www.radiomarket.fi\/?post_type=product&#038;p=29291"},"modified":"2025-12-20T13:25:28","modified_gmt":"2025-12-20T11:25:28","slug":"ekus0626-salora-rosita","status":"publish","type":"product","link":"https:\/\/www.radiomarket.fi\/en\/kohde\/ekus0626-salora-rosita\/","title":{"rendered":"EKUS0626 Salora Rosita puretaan"},"content":{"rendered":"<p>J\u00e4ljell\u00e4\u00a0 nupit, napit, asteikkolasi ja koneisto jonka purkaminen aloitettu (katso j\u00e4ljempi kuvaus puretuista osista) ja toinen kulmakaiutinelementti. Mukana lis\u00e4ksi pohjalevy, joka saattaa sopia t\u00e4h\u00e4n radioon, tarkistettava mittojen perusteella. Ei tutkittu tarkemmin. Varmista tietojen oikeellisuus myyj\u00e4lt\u00e4.\u00a0<br \/><br \/>Listahinta t\u00e4st\u00e4 saatavien varaosien arvioitu yhteishinta. Rosita vastaa mallia Salora Riviera, sill\u00e4 erolla ett\u00e4 Rositassa on levysoitin. Kulmakaiutinritil\u00e4n korkeus 196mm. Leveys 49-57mm. Levysoitin Philips AG 2002.\u00a0<br \/><br \/>Kulmakaiutinelementti n\u00e4ytt\u00e4\u00e4 olevan samanlainen kuin esim radiossa Luxor Ambassad\u00f6r 3398W, tai joissakin Riviera -malleissa.<br \/><br \/><strong>Ainakin seuraavat osat poistettu \/ rikki:<\/strong><br \/><br \/>Ei putkia.<br \/>Molemmat kulmakaiutinritil\u00e4t myyty.<br \/>Toinen kulmakaiutin myyty, ruuvinreikien v\u00e4li n. 120x95mm. Sopii esim Rivieraan koon puolesta.<br \/>Levysoittimen \u00e4\u00e4nirasia puuttuu.<br \/>Levysoittimen levylautanen puuttuu (halkaisija 20cm). Loppu levysoitin myyty varaosaksi kuvien ottamisen j\u00e4lkeen.<br \/>Nuppien korkeudella olevat listojen koristeosat puuttuvat molemmilta puolilta.<br \/>Takalevy ja sen kiinnitysruuvit myyty varaosaksi.<br \/>Antennin lattaliittimet puuttuvat.<br \/>Logo purettu varaosaksi (saatavilla uustuotantologoa tuotenumerolla EKUH0014).<br \/>\u00c4\u00e4nens\u00e4vyn potikka (basso) ja nuppi myyty varaosaksi.<br \/>Kotelo kankaineen ja j\u00e4ljell\u00e4 olevine listoineen myyty varaosaksi.<br \/>etukaiutinelementti Plessey myyty varaosaksi<br \/><br \/><\/p>","protected":false},"excerpt":{"rendered":"<p>J\u00e4ljell\u00e4\u00a0 nupit, napit, asteikkolasi ja koneisto jonka purkaminen aloitettu (katso j\u00e4ljempi kuvaus puretuista osista) ja toinen kulmakaiutinelementti. Mukana lis\u00e4ksi pohjalevy, joka saattaa sopia t\u00e4h\u00e4n radioon, tarkistettava mittojen perusteella. Ei tutkittu tarkemmin. Varmista tietojen oikeellisuus myyj\u00e4lt\u00e4.\u00a0Listahinta t\u00e4st\u00e4 saatavien varaosien arvioitu yhteishinta. Rosita vastaa mallia Salora Riviera, sill\u00e4 erolla ett\u00e4 Rositassa on levysoitin. Kulmakaiutinritil\u00e4n korkeus 196mm. Leveys &hellip;<\/p>\n<p class=\"read-more\"> <a class=\"thunk-readmore button\" href=\"https:\/\/www.radiomarket.fi\/en\/kohde\/ekus0626-salora-rosita\/\"> <span class=\"screen-reader-text\">EKUS0626 Salora Rosita puretaan<\/span>Read More<\/a><\/p>","protected":false},"featured_media":29985,"template":"","meta":[],"_links":{"self":[{"href":"https:\/\/www.radiomarket.fi\/en\/wp-json\/wp\/v2\/product\/29291"}],"collection":[{"href":"https:\/\/www.radiomarket.fi\/en\/wp-json\/wp\/v2\/product"}],"about":[{"href":"https:\/\/www.radiomarket.fi\/en\/wp-json\/wp\/v2\/types\/product"}],"wp:featuredmedia":[{"embeddable":true,"href":"https:\/\/www.radiomarket.fi\/en\/wp-json\/wp\/v2\/media\/29985"}],"wp:attachment":[{"href":"https:\/\/www.radiomarket.fi\/en\/wp-json\/wp\/v2\/media?parent=29291"}],"curies":[{"name":"wp","href":"https:\/\/api.w.org\/{rel}","templated":true}]}}