{"id":29292,"date":"2021-10-23T20:10:55","date_gmt":"2021-10-23T17:10:55","guid":{"rendered":"https:\/\/www.radiomarket.fi\/?post_type=product&#038;p=29292"},"modified":"2025-02-04T10:56:22","modified_gmt":"2025-02-04T08:56:22","slug":"ekus0107-canon-power-shot-pro-70","status":"publish","type":"product","link":"https:\/\/www.radiomarket.fi\/en\/kohde\/ekus0107-canon-power-shot-pro-70\/","title":{"rendered":"EKUS0107 Canon Power Shot Pro 70"},"content":{"rendered":"<p>Kameraa testattu kuvien toistossa ja etsinkuvalla 10\/2021. Mukana yksi toimiva akku sek\u00e4 laturi, verkkovirran sy\u00f6tt\u00f6laite &#8220;valeakku&#8221; ja alkuper\u00e4inen Canon 8 megan CF-kortti, suomenkielinen k\u00e4ytt\u00f6ohjekirja, videoliit\u00e4nt\u00e4johto, ohjelmisto-CD, datajohto 2,5 mm plugi-RS232 ja linssisuojus.\u00a0 Kamera on p\u00e4\u00e4llisin puolin siisti ja toimitetaan alkuper\u00e4isess\u00e4 hyv\u00e4kuntoisessa Canon-kameralaukussa.<\/p>","protected":false},"excerpt":{"rendered":"<p>Kamera toimii k\u00e4ytt\u00f6ohjekirjan mukaan my\u00f6s 2CR5-paristolla.<\/p>","protected":false},"featured_media":29535,"template":"","meta":[],"_links":{"self":[{"href":"https:\/\/www.radiomarket.fi\/en\/wp-json\/wp\/v2\/product\/29292"}],"collection":[{"href":"https:\/\/www.radiomarket.fi\/en\/wp-json\/wp\/v2\/product"}],"about":[{"href":"https:\/\/www.radiomarket.fi\/en\/wp-json\/wp\/v2\/types\/product"}],"wp:featuredmedia":[{"embeddable":true,"href":"https:\/\/www.radiomarket.fi\/en\/wp-json\/wp\/v2\/media\/29535"}],"wp:attachment":[{"href":"https:\/\/www.radiomarket.fi\/en\/wp-json\/wp\/v2\/media?parent=29292"}],"curies":[{"name":"wp","href":"https:\/\/api.w.org\/{rel}","templated":true}]}}