{"id":29293,"date":"2021-10-23T20:18:54","date_gmt":"2021-10-23T17:18:54","guid":{"rendered":"https:\/\/www.radiomarket.fi\/?post_type=product&#038;p=29293"},"modified":"2021-11-21T15:42:21","modified_gmt":"2021-11-21T13:42:21","slug":"ekus0108-canon-power-shot-pro-70","status":"publish","type":"product","link":"https:\/\/www.radiomarket.fi\/en\/kohde\/ekus0108-canon-power-shot-pro-70\/","title":{"rendered":"EKUS0108 Canon Power Shot Pro 70"},"content":{"rendered":"<p>Kameraa testattu kuvien toistossa ja etsinkuvalla 10\/2021. Mukana kaksi huonoa akkua sek\u00e4 laturi, verkkovirran sy\u00f6tt\u00f6laite &#8220;valeakku&#8221; ja suomenkielinen k\u00e4ytt\u00f6ohjekirja.\u00a0 Kameran kumipehmusteissa\u00a0 on kulumia.<\/p>","protected":false},"excerpt":{"rendered":"<p>Kamera toimii k\u00e4ytt\u00f6ohjekirjan mukaan my\u00f6s 2CR5-paristolla.<\/p>","protected":false},"featured_media":29534,"template":"","meta":[],"_links":{"self":[{"href":"https:\/\/www.radiomarket.fi\/en\/wp-json\/wp\/v2\/product\/29293"}],"collection":[{"href":"https:\/\/www.radiomarket.fi\/en\/wp-json\/wp\/v2\/product"}],"about":[{"href":"https:\/\/www.radiomarket.fi\/en\/wp-json\/wp\/v2\/types\/product"}],"wp:featuredmedia":[{"embeddable":true,"href":"https:\/\/www.radiomarket.fi\/en\/wp-json\/wp\/v2\/media\/29534"}],"wp:attachment":[{"href":"https:\/\/www.radiomarket.fi\/en\/wp-json\/wp\/v2\/media?parent=29293"}],"curies":[{"name":"wp","href":"https:\/\/api.w.org\/{rel}","templated":true}]}}