{"id":29297,"date":"2021-10-25T10:46:07","date_gmt":"2021-10-25T07:46:07","guid":{"rendered":"https:\/\/www.radiomarket.fi\/?post_type=product&#038;p=29297"},"modified":"2022-07-21T16:03:12","modified_gmt":"2022-07-21T13:03:12","slug":"ekus0627-asa-831l","status":"publish","type":"product","link":"https:\/\/www.radiomarket.fi\/en\/kohde\/ekus0627-asa-831l\/","title":{"rendered":"EKUS0627 ASA 831L"},"content":{"rendered":"<p>Ei putkia. Levysoittimessa neula. Nouto tai toimitus muulla tavoin erikseen sovittaessa.<br \/><br \/><strong>Ainakin seuraavat osat poistettu \/ rikki:<\/strong><br \/><br \/>Ei putkia.<br \/>Oikeanpuoleisesta p\u00e4\u00e4tykaiutinritil\u00e4st\u00e4 puuttuu piena.<br \/>Edest\u00e4 katsottuna vasemmanpuoleinen etukaiutinelementti puuttuu.<br \/><br \/>Ei tutkittu tarkemmin. Muitakin osia saattaa olla purettu. Varmista tietojen oikeellisuus myyj\u00e4lt\u00e4.\u00a0<br \/><br \/><\/p>","protected":false},"excerpt":{"rendered":"<p>Ei putkia. Levysoittimessa neula. Nouto tai toimitus muulla tavoin erikseen sovittaessa.Ainakin seuraavat osat poistettu \/ rikki:Ei putkia.Oikeanpuoleisesta p\u00e4\u00e4tykaiutinritil\u00e4st\u00e4 puuttuu piena.Edest\u00e4 katsottuna vasemmanpuoleinen etukaiutinelementti puuttuu.Ei tutkittu tarkemmin. Muitakin osia saattaa olla purettu. Varmista tietojen oikeellisuus myyj\u00e4lt\u00e4.\u00a0<\/p>","protected":false},"featured_media":29989,"template":"","meta":[],"_links":{"self":[{"href":"https:\/\/www.radiomarket.fi\/en\/wp-json\/wp\/v2\/product\/29297"}],"collection":[{"href":"https:\/\/www.radiomarket.fi\/en\/wp-json\/wp\/v2\/product"}],"about":[{"href":"https:\/\/www.radiomarket.fi\/en\/wp-json\/wp\/v2\/types\/product"}],"wp:featuredmedia":[{"embeddable":true,"href":"https:\/\/www.radiomarket.fi\/en\/wp-json\/wp\/v2\/media\/29989"}],"wp:attachment":[{"href":"https:\/\/www.radiomarket.fi\/en\/wp-json\/wp\/v2\/media?parent=29297"}],"curies":[{"name":"wp","href":"https:\/\/api.w.org\/{rel}","templated":true}]}}