{"id":29298,"date":"2021-10-25T10:50:25","date_gmt":"2021-10-25T07:50:25","guid":{"rendered":"https:\/\/www.radiomarket.fi\/?post_type=product&#038;p=29298"},"modified":"2022-07-27T12:01:59","modified_gmt":"2022-07-27T09:01:59","slug":"ekus0628-fenno-seura-f255v","status":"publish","type":"product","link":"https:\/\/www.radiomarket.fi\/en\/kohde\/ekus0628-fenno-seura-f255v\/","title":{"rendered":"EKUS0628 Fenno Seura F255V"},"content":{"rendered":"<p>Ei putkia. Huono kotelo. Lohkeamia ja p\u00e4\u00e4ll\u00e4 maalitahroja ym. Virtajohto katkaistu. Takalevyn ruuvit puuttuu. Kaiutinelementti on. N\u00e4ist\u00e4 malleista tyyppivikana hajoaa asteikkolasi l\u00e4hetett\u00e4ess\u00e4, ilmeisesti jokin osa painaa asteikkolasia(?).\u00a0 Mieluiten nouto, mutta my\u00f6s l\u00e4hetet\u00e4\u00e4n asiakkaan vastuulla.<br \/><br \/>Koneiston vastaavuus: Philips BSF 433 A, Philips BSF 452 A, Philips BSF 543 A, Philips BSF 652 A, Fenno-seura F 244 V, Fenno-Seura F 255 V, Fenno-Seura F 264 V, Fenno-valtti F 245 V.<br \/><br \/><strong>Ainakin seuraavat osat poistettu \/ rikki:<\/strong><br \/><br \/>Ei putkia.<br \/>Huono kotelo.<br \/><br \/>Ei tutkittu tarkemmin. Muitakin osia saattaa olla purettu. Varmista tietojen oikeellisuus myyj\u00e4lt\u00e4.\u00a0<br \/><br \/><\/p>","protected":false},"excerpt":{"rendered":"<p>Ei putkia. Huono kotelo. Lohkeamia ja p\u00e4\u00e4ll\u00e4 maalitahroja ym. Virtajohto katkaistu. Takalevyn ruuvit puuttuu. Kaiutinelementti on. N\u00e4ist\u00e4 malleista tyyppivikana hajoaa asteikkolasi l\u00e4hetett\u00e4ess\u00e4, ilmeisesti jokin osa painaa asteikkolasia(?).\u00a0 Mieluiten nouto, mutta my\u00f6s l\u00e4hetet\u00e4\u00e4n asiakkaan vastuulla.Koneiston vastaavuus: Philips BSF 433 A, Philips BSF 452 A, Philips BSF 543 A, Philips BSF 652 A, Fenno-seura F 244 V, &hellip;<\/p>\n<p class=\"read-more\"> <a class=\"thunk-readmore button\" href=\"https:\/\/www.radiomarket.fi\/en\/kohde\/ekus0628-fenno-seura-f255v\/\"> <span class=\"screen-reader-text\">EKUS0628 Fenno Seura F255V<\/span>Read More<\/a><\/p>","protected":false},"featured_media":29991,"template":"","meta":[],"_links":{"self":[{"href":"https:\/\/www.radiomarket.fi\/en\/wp-json\/wp\/v2\/product\/29298"}],"collection":[{"href":"https:\/\/www.radiomarket.fi\/en\/wp-json\/wp\/v2\/product"}],"about":[{"href":"https:\/\/www.radiomarket.fi\/en\/wp-json\/wp\/v2\/types\/product"}],"wp:featuredmedia":[{"embeddable":true,"href":"https:\/\/www.radiomarket.fi\/en\/wp-json\/wp\/v2\/media\/29991"}],"wp:attachment":[{"href":"https:\/\/www.radiomarket.fi\/en\/wp-json\/wp\/v2\/media?parent=29298"}],"curies":[{"name":"wp","href":"https:\/\/api.w.org\/{rel}","templated":true}]}}