{"id":29311,"date":"2025-02-05T11:31:53","date_gmt":"2025-02-05T09:31:53","guid":{"rendered":"https:\/\/www.radiomarket.fi\/?post_type=product&#038;p=29311"},"modified":"2025-02-05T11:26:29","modified_gmt":"2025-02-05T09:26:29","slug":"ekus0634-asa-56x","status":"publish","type":"product","link":"https:\/\/www.radiomarket.fi\/en\/kohde\/ekus0634-asa-56x\/","title":{"rendered":"EKUS0634 ASA 56x osia: takalevy, verkkojohto ja nupit"},"content":{"rendered":"<p>J\u00e4ljell\u00e4 nupit, takalevy ja verkkojohto. <br \/><br \/>Huonopintainen kotelo. Takalevyn tarrasta ei selvi\u00e4 mallinumeron viimeinen numero.\u00a0<br \/><br \/>Asteikolla Uhtua ja Viipuri.<br \/><br \/><strong>Ainakin seuraavat osat poistettu \/ rikki:<br \/><br \/><\/strong>Kotelo, koneisto, asteikko ja kaiutinelementti myyty varaosaksi. J\u00e4ljell\u00e4 vain erikseen kerrotut osat.<br \/><br \/>Ei tutkittu tarkemmin. Muitakin osia saattaa olla purettu. Varmista tietojen oikeellisuus myyj\u00e4lt\u00e4.\u00a0<br \/><br \/><\/p>","protected":false},"excerpt":{"rendered":"<p>J\u00e4ljell\u00e4 nupit, takalevy ja verkkojohto. Huonopintainen kotelo. Takalevyn tarrasta ei selvi\u00e4 mallinumeron viimeinen numero.\u00a0Asteikolla Uhtua ja Viipuri.Ainakin seuraavat osat poistettu \/ rikki:Kotelo, koneisto, asteikko ja kaiutinelementti myyty varaosaksi. J\u00e4ljell\u00e4 vain erikseen kerrotut osat.Ei tutkittu tarkemmin. Muitakin osia saattaa olla purettu. Varmista tietojen oikeellisuus myyj\u00e4lt\u00e4.\u00a0<\/p>","protected":false},"featured_media":30005,"template":"","meta":[],"_links":{"self":[{"href":"https:\/\/www.radiomarket.fi\/en\/wp-json\/wp\/v2\/product\/29311"}],"collection":[{"href":"https:\/\/www.radiomarket.fi\/en\/wp-json\/wp\/v2\/product"}],"about":[{"href":"https:\/\/www.radiomarket.fi\/en\/wp-json\/wp\/v2\/types\/product"}],"wp:featuredmedia":[{"embeddable":true,"href":"https:\/\/www.radiomarket.fi\/en\/wp-json\/wp\/v2\/media\/30005"}],"wp:attachment":[{"href":"https:\/\/www.radiomarket.fi\/en\/wp-json\/wp\/v2\/media?parent=29311"}],"curies":[{"name":"wp","href":"https:\/\/api.w.org\/{rel}","templated":true}]}}