{"id":29314,"date":"2021-10-25T13:33:01","date_gmt":"2021-10-25T10:33:01","guid":{"rendered":"https:\/\/www.radiomarket.fi\/?post_type=product&#038;p=29314"},"modified":"2022-08-10T15:42:43","modified_gmt":"2022-08-10T12:42:43","slug":"ekus0636-blaupunkt-philadelphia-40301","status":"publish","type":"product","link":"https:\/\/www.radiomarket.fi\/en\/kohde\/ekus0636-blaupunkt-philadelphia-40301\/","title":{"rendered":"EKUS0636 Blaupunkt Malaga 10301 \/ Philadelphia 40301"},"content":{"rendered":"<p>Siisti kotelo, jonka ty\u00f6st\u00e4minen vaikuttaa aloitetun (hiottu pinta). Takalevyyn tussattu Malaga 10301, joka huomattu vasta myyntivaiheessa. Takalevy on luultavasti vaihdettu Philadelphia 40301 -koneesta? Ei varmuutta kuvien radion tarkasta mallista.<br \/><br \/><strong>Ainakin seuraavat osat poistettu \/ rikki:<\/strong><br \/><br \/>Ei luultavasti putkia.<br \/>Takalevyss\u00e4 alareunassa reik\u00e4\u00e4.<br \/>ULA-nappi puuttuu.<br \/><br \/>Ei tutkittu tarkemmin. Muitakin osia saattaa olla purettu. Varmista tietojen oikeellisuus myyj\u00e4lt\u00e4.\u00a0<br \/><br \/><\/p>","protected":false},"excerpt":{"rendered":"<p>Siisti kotelo, jonka ty\u00f6st\u00e4minen vaikuttaa aloitetun (hiottu pinta). Takalevyyn tussattu Malaga 10301, joka huomattu vasta myyntivaiheessa. Takalevy on luultavasti vaihdettu Philadelphia 40301 -koneesta? Ei varmuutta kuvien radion tarkasta mallista.Ainakin seuraavat osat poistettu \/ rikki:Ei luultavasti putkia.Takalevyss\u00e4 alareunassa reik\u00e4\u00e4.ULA-nappi puuttuu.Ei tutkittu tarkemmin. Muitakin osia saattaa olla purettu. Varmista tietojen oikeellisuus myyj\u00e4lt\u00e4.\u00a0<\/p>","protected":false},"featured_media":30009,"template":"","meta":[],"_links":{"self":[{"href":"https:\/\/www.radiomarket.fi\/en\/wp-json\/wp\/v2\/product\/29314"}],"collection":[{"href":"https:\/\/www.radiomarket.fi\/en\/wp-json\/wp\/v2\/product"}],"about":[{"href":"https:\/\/www.radiomarket.fi\/en\/wp-json\/wp\/v2\/types\/product"}],"wp:featuredmedia":[{"embeddable":true,"href":"https:\/\/www.radiomarket.fi\/en\/wp-json\/wp\/v2\/media\/30009"}],"wp:attachment":[{"href":"https:\/\/www.radiomarket.fi\/en\/wp-json\/wp\/v2\/media?parent=29314"}],"curies":[{"name":"wp","href":"https:\/\/api.w.org\/{rel}","templated":true}]}}