{"id":29317,"date":"2021-10-25T14:19:16","date_gmt":"2021-10-25T11:19:16","guid":{"rendered":"https:\/\/www.radiomarket.fi\/?post_type=product&#038;p=29317"},"modified":"2022-03-10T18:27:19","modified_gmt":"2022-03-10T16:27:19","slug":"ekus0638-blaupunkt-florenz-stereo-typ-20351","status":"publish","type":"product","link":"https:\/\/www.radiomarket.fi\/en\/kohde\/ekus0638-blaupunkt-florenz-stereo-typ-20351\/","title":{"rendered":"EKUS0638 Blaupunkt Florenz Stereo Typ 20351"},"content":{"rendered":"<p>Siisti kotelo, kankaassa pient\u00e4 j\u00e4lke\u00e4. Kokonaisen oloinen.<br \/><br \/><strong>Ainakin seuraavat osat poistettu \/ rikki:<\/strong><br \/><br \/>Ei luultavasti putkia.<br \/><br \/>Ei tutkittu tarkemmin. Muitakin osia saattaa olla purettu. Varmista tietojen oikeellisuus myyj\u00e4lt\u00e4.\u00a0<br \/><br \/><\/p>","protected":false},"excerpt":{"rendered":"<p>Siisti kotelo, kankaassa pient\u00e4 j\u00e4lke\u00e4. Kokonaisen oloinen.Ainakin seuraavat osat poistettu \/ rikki:Ei luultavasti putkia.Ei tutkittu tarkemmin. Muitakin osia saattaa olla purettu. Varmista tietojen oikeellisuus myyj\u00e4lt\u00e4.\u00a0<\/p>","protected":false},"featured_media":30014,"template":"","meta":[],"_links":{"self":[{"href":"https:\/\/www.radiomarket.fi\/en\/wp-json\/wp\/v2\/product\/29317"}],"collection":[{"href":"https:\/\/www.radiomarket.fi\/en\/wp-json\/wp\/v2\/product"}],"about":[{"href":"https:\/\/www.radiomarket.fi\/en\/wp-json\/wp\/v2\/types\/product"}],"wp:featuredmedia":[{"embeddable":true,"href":"https:\/\/www.radiomarket.fi\/en\/wp-json\/wp\/v2\/media\/30014"}],"wp:attachment":[{"href":"https:\/\/www.radiomarket.fi\/en\/wp-json\/wp\/v2\/media?parent=29317"}],"curies":[{"name":"wp","href":"https:\/\/api.w.org\/{rel}","templated":true}]}}