{"id":29318,"date":"2021-10-25T15:32:57","date_gmt":"2021-10-25T12:32:57","guid":{"rendered":"https:\/\/www.radiomarket.fi\/?post_type=product&#038;p=29318"},"modified":"2022-01-08T01:07:53","modified_gmt":"2022-01-07T23:07:53","slug":"ekus0639-lorenz-super-200-w","status":"publish","type":"product","link":"https:\/\/www.radiomarket.fi\/en\/kohde\/ekus0639-lorenz-super-200-w\/","title":{"rendered":"EKUS0639 Lorenz Super 200 W"},"content":{"rendered":"<p>Huono asteikko. Putket on.<br \/><br \/><strong>Ainakin seuraavat osat poistettu \/ rikki:<\/strong><br \/><br \/>Virtajohto katkaistu.<br \/>P\u00e4\u00e4tynuppi puuttuu.<br \/><br \/>Ei tutkittu tarkemmin. Muitakin osia saattaa olla purettu. Varmista tietojen oikeellisuus myyj\u00e4lt\u00e4.\u00a0<br \/><br \/><\/p>","protected":false},"excerpt":{"rendered":"<p>Huono asteikko. Putket on.Ainakin seuraavat osat poistettu \/ rikki:Virtajohto katkaistu.P\u00e4\u00e4tynuppi puuttuu.Ei tutkittu tarkemmin. Muitakin osia saattaa olla purettu. Varmista tietojen oikeellisuus myyj\u00e4lt\u00e4.\u00a0<\/p>","protected":false},"featured_media":30017,"template":"","meta":[],"_links":{"self":[{"href":"https:\/\/www.radiomarket.fi\/en\/wp-json\/wp\/v2\/product\/29318"}],"collection":[{"href":"https:\/\/www.radiomarket.fi\/en\/wp-json\/wp\/v2\/product"}],"about":[{"href":"https:\/\/www.radiomarket.fi\/en\/wp-json\/wp\/v2\/types\/product"}],"wp:featuredmedia":[{"embeddable":true,"href":"https:\/\/www.radiomarket.fi\/en\/wp-json\/wp\/v2\/media\/30017"}],"wp:attachment":[{"href":"https:\/\/www.radiomarket.fi\/en\/wp-json\/wp\/v2\/media?parent=29318"}],"curies":[{"name":"wp","href":"https:\/\/api.w.org\/{rel}","templated":true}]}}