{"id":29396,"date":"2021-11-06T19:39:25","date_gmt":"2021-11-06T17:39:25","guid":{"rendered":"https:\/\/www.radiomarket.fi\/?post_type=product&#038;p=29396"},"modified":"2021-12-04T15:10:29","modified_gmt":"2021-12-04T13:10:29","slug":"ekum0111-daewoo-dmq-1432-varitelevisio-14-tuumaa","status":"publish","type":"product","link":"https:\/\/www.radiomarket.fi\/en\/kohde\/ekum0111-daewoo-dmq-1432-varitelevisio-14-tuumaa\/","title":{"rendered":"EKUM0114 Daewoo DMQ-1432 v\u00e4ritelevisio 14 tuumaa"},"content":{"rendered":"<p>Toimii, siisti p\u00e4\u00e4llisin puolin, virtakytkimen maalissa kulumaa.<\/p>","protected":false},"excerpt":{"rendered":"<p>Mukana seuraa virheet\u00f6n teleskooppidipoliantenni, mik\u00e4 ei v\u00e4ltt\u00e4m\u00e4tt\u00e4 ole alkuper\u00e4inen.<\/p>","protected":false},"featured_media":29401,"template":"","meta":[],"_links":{"self":[{"href":"https:\/\/www.radiomarket.fi\/en\/wp-json\/wp\/v2\/product\/29396"}],"collection":[{"href":"https:\/\/www.radiomarket.fi\/en\/wp-json\/wp\/v2\/product"}],"about":[{"href":"https:\/\/www.radiomarket.fi\/en\/wp-json\/wp\/v2\/types\/product"}],"wp:featuredmedia":[{"embeddable":true,"href":"https:\/\/www.radiomarket.fi\/en\/wp-json\/wp\/v2\/media\/29401"}],"wp:attachment":[{"href":"https:\/\/www.radiomarket.fi\/en\/wp-json\/wp\/v2\/media?parent=29396"}],"curies":[{"name":"wp","href":"https:\/\/api.w.org\/{rel}","templated":true}]}}