{"id":29434,"date":"2021-11-09T12:50:36","date_gmt":"2021-11-09T10:50:36","guid":{"rendered":"https:\/\/www.radiomarket.fi\/?post_type=product&#038;p=29434"},"modified":"2023-09-24T23:37:27","modified_gmt":"2023-09-24T20:37:27","slug":"ekum0112-salora-salome-3","status":"publish","type":"product","link":"https:\/\/www.radiomarket.fi\/en\/kohde\/ekum0112-salora-salome-3\/","title":{"rendered":"EKUM0112 Salora Salome 3"},"content":{"rendered":"<p>ULA testattu ja toimii. \u00c4\u00e4nenvoimakkuuss\u00e4\u00e4timess\u00e4 kulumaa, verkkokytkin rikki?<\/p><p>Kannen musta j\u00e4lki ilmeisesti \u00f6ljy\u00e4, v\u00e4heni koepyyhk\u00e4isyll\u00e4. Katso my\u00f6s EKUA2203 tuotekoodilla vastaava radio osiksi.<br \/><br \/><strong>Ainakin seuraavat osat myyty varaosaksi:<\/strong><\/p><p>Viritysnuppi myyty varaosaksi.<br \/>S\u00e4vy-nuppi myyty varaosaksi.<\/p>","protected":false},"excerpt":{"rendered":"<p>ULA testattu ja toimii. \u00c4\u00e4nenvoimakkuuss\u00e4\u00e4timess\u00e4 kulumaa, verkkokytkin rikki?Kannen musta j\u00e4lki ilmeisesti \u00f6ljy\u00e4, v\u00e4heni koepyyhk\u00e4isyll\u00e4. Katso my\u00f6s EKUA2203 tuotekoodilla vastaava radio osiksi.Ainakin seuraavat osat myyty varaosaksi:Viritysnuppi myyty varaosaksi.S\u00e4vy-nuppi myyty varaosaksi.<\/p>","protected":false},"featured_media":29430,"template":"","meta":[],"_links":{"self":[{"href":"https:\/\/www.radiomarket.fi\/en\/wp-json\/wp\/v2\/product\/29434"}],"collection":[{"href":"https:\/\/www.radiomarket.fi\/en\/wp-json\/wp\/v2\/product"}],"about":[{"href":"https:\/\/www.radiomarket.fi\/en\/wp-json\/wp\/v2\/types\/product"}],"wp:featuredmedia":[{"embeddable":true,"href":"https:\/\/www.radiomarket.fi\/en\/wp-json\/wp\/v2\/media\/29430"}],"wp:attachment":[{"href":"https:\/\/www.radiomarket.fi\/en\/wp-json\/wp\/v2\/media?parent=29434"}],"curies":[{"name":"wp","href":"https:\/\/api.w.org\/{rel}","templated":true}]}}