{"id":29446,"date":"2025-01-30T12:57:53","date_gmt":"2025-01-30T10:57:53","guid":{"rendered":"https:\/\/www.radiomarket.fi\/?post_type=product&#038;p=29446"},"modified":"2025-01-30T13:40:28","modified_gmt":"2025-01-30T11:40:28","slug":"ekum0210-radio-tv-ym-nuppeja","status":"publish","type":"product","link":"https:\/\/www.radiomarket.fi\/en\/kohde\/ekum0210-radio-tv-ym-nuppeja\/","title":{"rendered":"EKUM0210 radio, TV ym. nuppeja"},"content":{"rendered":"<p>Tilatessasi ilmoitathan tuotenumeron (esim EKUA 1234) ja tilaamasi nupin paikan kuvassa (esim. toiseksi ylin rivi, toinen nuppi vasemmalta). Osa nupeista on saatettu myyd\u00e4, joten kannattaa varmistaa saatavuus etuk\u00e4teen s\u00e4hk\u00f6postitse. Voit tilata s\u00e4hk\u00f6postitse my\u00f6s siin\u00e4 tapauksessa, mik\u00e4li arvelet tuotteen sopivan kirjetoimituksena (kirjeen paksuus max 3cm). Lis\u00e4\u00e4 nuppeja Radiomarketin tuotekategoriassa &#8220;Nupit&#8221;.<br \/><br \/><strong>Saatavuus (20250130):<\/strong><br \/><br \/>Ylin rivi: ensimm\u00e4inen nuppi vasemmalta ASA B-152 (2 kpl), toinen nuppi vasemmalta myyty, kolmas nuppi vasemmalta 1kpl,\u00a0<br \/>ensimm\u00e4inen nuppi oikealta PEKALIT NR 490 1kpl, toinen nuppi oikealta Philips pikkunuppi (ei ep\u00e4kesko 4 kpl), kolmas nuppi oikealta: Helvar (keski\u00f6 kulut, reunassa syv\u00e4 naarmu). Samaa nuppia my\u00f6s tuotteessa EKUM0211 ja EKUM0217.<br \/><br \/><\/p><p>Toiseksi ylin rivi: ensimm\u00e4inen nuppi vasemmalta myyty, toinen nuppi vasemmalta 1kpl, kolmas nuppi vasemmalta 2kpl,\u00a0<br \/>ensimm\u00e4inen nuppi oikealta 1kpl, toinen nuppi oikealta 1kpl, kolmas nuppi oikealta: 7892 valmistaja mahdollisesti Futurit mik\u00e4li merkint\u00e4 oikein tulkittu (2kpl)<\/p><p>Toiseksi alin rivi: ensimm\u00e4inen nuppi vasemmalta 1kpl, toinen nuppi vasemmalta 1kpl (huom lohkeama), kolmas nuppi vasemmalta 1kpl,\u00a0<br \/>toinen nuppi oikealta myyty, ensimm\u00e4inen nuppi oikealta 1kpl<br \/><br \/>alarivi: ensimm\u00e4inen vasemmalta (Helvarin nuppi), 1 kpl myyty, j\u00e4ljell\u00e4 yksi kuvan mukainen ja yksi kappale jossa edess\u00e4 valkoinen piste ja potikan varsi katkennut sis\u00e4\u00e4n. Samanoloisia nuppeja l\u00f6ytyy my\u00f6s tuotenumeroista EKUM0207, EKUM0221, EKUM0262 ja EKUM0264. toinen nuppi vasemmalta 1kpl , kolmas nuppi vasemmalta 1kpl,\u00a0<br \/>kolmas nuppi oikealta 1kpl, toinen nuppi oikealta 1kpl (huom lohkeama), ensimm\u00e4inen nuppi oikealta myyty<br \/><br \/>Muitakin nuppeja on saatettu myyd\u00e4, joten varmistathan saatavuuden.\u00a0<\/p><p>Kuvaan on laitettu malliksi yksi kutakin nuppia. Samanlaisia tai vastaavia nuppeja voi olla varastossa enemm\u00e4nkin. Nupit ovat p\u00e4\u00e4osin k\u00e4ytettyj\u00e4, purkuradioista purettuja. Joistakin voi puuttua ruuvi ja\/tai mutteri.<\/p>","protected":false},"excerpt":{"rendered":"<p>Tilatessasi ilmoitathan tuotenumeron (esim EKUA 1234) ja tilaamasi nupin paikan kuvassa (esim. toiseksi ylin rivi, toinen nuppi vasemmalta). Osa nupeista on saatettu myyd\u00e4, joten kannattaa varmistaa saatavuus etuk\u00e4teen s\u00e4hk\u00f6postitse. Voit tilata s\u00e4hk\u00f6postitse my\u00f6s siin\u00e4 tapauksessa, mik\u00e4li arvelet tuotteen sopivan kirjetoimituksena (kirjeen paksuus max 3cm). Lis\u00e4\u00e4 nuppeja Radiomarketin tuotekategoriassa &#8220;Nupit&#8221;.Saatavuus (20250130):Ylin rivi: ensimm\u00e4inen nuppi vasemmalta ASA &hellip;<\/p>\n<p class=\"read-more\"> <a class=\"thunk-readmore button\" href=\"https:\/\/www.radiomarket.fi\/en\/kohde\/ekum0210-radio-tv-ym-nuppeja\/\"> <span class=\"screen-reader-text\">EKUM0210 radio, TV ym. nuppeja<\/span>Read More<\/a><\/p>","protected":false},"featured_media":29447,"template":"","meta":[],"_links":{"self":[{"href":"https:\/\/www.radiomarket.fi\/en\/wp-json\/wp\/v2\/product\/29446"}],"collection":[{"href":"https:\/\/www.radiomarket.fi\/en\/wp-json\/wp\/v2\/product"}],"about":[{"href":"https:\/\/www.radiomarket.fi\/en\/wp-json\/wp\/v2\/types\/product"}],"wp:featuredmedia":[{"embeddable":true,"href":"https:\/\/www.radiomarket.fi\/en\/wp-json\/wp\/v2\/media\/29447"}],"wp:attachment":[{"href":"https:\/\/www.radiomarket.fi\/en\/wp-json\/wp\/v2\/media?parent=29446"}],"curies":[{"name":"wp","href":"https:\/\/api.w.org\/{rel}","templated":true}]}}