{"id":29465,"date":"2021-11-15T13:05:14","date_gmt":"2021-11-15T11:05:14","guid":{"rendered":"https:\/\/www.radiomarket.fi\/?post_type=product&#038;p=29465"},"modified":"2022-02-16T11:08:36","modified_gmt":"2022-02-16T09:08:36","slug":"ekum0113-strato-transistoripoytaradio","status":"publish","type":"product","link":"https:\/\/www.radiomarket.fi\/en\/kohde\/ekum0113-strato-transistoripoytaradio\/","title":{"rendered":"EKUM0113 Strato FM\/AM System transistorip\u00f6yt\u00e4radio"},"content":{"rendered":"<p>K\u00e4ytetty. Toimii. Antenni mahdollisesti vaihtunut?<\/p>","protected":false},"excerpt":{"rendered":"<p>K\u00e4ytetty. Toimii. Antenni mahdollisesti vaihtunut?<\/p>","protected":false},"featured_media":29466,"template":"","meta":[],"_links":{"self":[{"href":"https:\/\/www.radiomarket.fi\/en\/wp-json\/wp\/v2\/product\/29465"}],"collection":[{"href":"https:\/\/www.radiomarket.fi\/en\/wp-json\/wp\/v2\/product"}],"about":[{"href":"https:\/\/www.radiomarket.fi\/en\/wp-json\/wp\/v2\/types\/product"}],"wp:featuredmedia":[{"embeddable":true,"href":"https:\/\/www.radiomarket.fi\/en\/wp-json\/wp\/v2\/media\/29466"}],"wp:attachment":[{"href":"https:\/\/www.radiomarket.fi\/en\/wp-json\/wp\/v2\/media?parent=29465"}],"curies":[{"name":"wp","href":"https:\/\/api.w.org\/{rel}","templated":true}]}}