{"id":29513,"date":"2021-11-16T14:25:15","date_gmt":"2021-11-16T12:25:15","guid":{"rendered":"https:\/\/www.radiomarket.fi\/?post_type=product&#038;p=29513"},"modified":"2023-03-17T14:31:42","modified_gmt":"2023-03-17T12:31:42","slug":"ekus0404-radiot-lehti-3-2019","status":"publish","type":"product","link":"https:\/\/www.radiomarket.fi\/en\/kohde\/ekus0404-radiot-lehti-3-2019\/","title":{"rendered":"EKUS0404 Radiot-lehti 3\/2019"},"content":{"rendered":"<p>Suomen Radiohistoriallinen Seura ry:n julkaisema j\u00e4senlehti 3\/2019 (9.9.2019). Seuran j\u00e4senille lehdist\u00e4 50% j\u00e4senalennus, jos haluat j\u00e4senalennuksen, tiedustele haluamiasi numeroita s\u00e4hk\u00f6postitse.<br \/><br \/><strong>T\u00e4ss\u00e4 numerossa:<\/strong><br \/><br \/>Rompep\u00e4iv\u00e4t 2019 (Lasse Nirhamo)<br \/>Kokouskutsu<br \/>Ja min\u00e4 kun en koskaan kysy hintaa (Teppo Gustafsson)<br \/>Poimintoja radioh\u00e4iri\u00f6ist\u00e4 (Heikki Marttila)<br \/>H\u00e4iri\u00f6t\u00f6n radio (Heikki Marttila)<br \/>Tellurometri MRA 2 (Heikki Marttila)<br \/>Tiedustelun huippuhetki j\u00e4i tallenteena historiaan (Reino Janhunen)<br \/>Normandiassa tehtiin my\u00f6s radiohistoriaa (Reino Janhunen)<br \/>21-sarjan \u201dloctal\u201d putket suomalaisissa yleisradiovastaanottimissa (Kauko Viitanen)<br \/>Televisio-ohjelmaa ja \u2013mainoksia Varkaudessa syksyll\u00e4 1960 (Kauko Viitanen)<br \/>Kirjat kertovat. Radio-Mikron historia (Lasse Nirhamo)<br \/>Kirjat kertovat. Operaatio Verna (Timo Kiiski)<br \/>Mit\u00e4 tiedet\u00e4\u00e4n t\u00e4st\u00e4 radiosta? (Heikki Marttila)<br \/>Kidekoneiden aikakauden loppu (Valto Koskinen)<br \/>Suomen DX-Liitto<br \/>Pet\u00e4j\u00e4veden Radio- ja Puhelinmuseon kuulumisia\u00a0<br \/><br \/>Varastosaldoon on laskettu uudet ja k\u00e4ytetyt lehdet. Uudet lehdet myyd\u00e4\u00e4n ensin.\u00a0<\/p>","protected":false},"excerpt":{"rendered":"<p>Suomen Radiohistoriallinen Seura ry:n julkaisema j\u00e4senlehti 3\/2019 (9.9.2019). Seuran j\u00e4senille lehdist\u00e4 50% j\u00e4senalennus, jos haluat j\u00e4senalennuksen, tiedustele haluamiasi numeroita s\u00e4hk\u00f6postitse.T\u00e4ss\u00e4 numerossa:Rompep\u00e4iv\u00e4t 2019 (Lasse Nirhamo)KokouskutsuJa min\u00e4 kun en koskaan kysy hintaa (Teppo Gustafsson)Poimintoja radioh\u00e4iri\u00f6ist\u00e4 (Heikki Marttila)H\u00e4iri\u00f6t\u00f6n radio (Heikki Marttila)Tellurometri MRA 2 (Heikki Marttila)Tiedustelun huippuhetki j\u00e4i tallenteena historiaan (Reino Janhunen)Normandiassa tehtiin my\u00f6s radiohistoriaa (Reino Janhunen)21-sarjan \u201dloctal\u201d putket &hellip;<\/p>\n<p class=\"read-more\"> <a class=\"thunk-readmore button\" href=\"https:\/\/www.radiomarket.fi\/en\/kohde\/ekus0404-radiot-lehti-3-2019\/\"> <span class=\"screen-reader-text\">EKUS0404 Radiot-lehti 3\/2019<\/span>Read More<\/a><\/p>","protected":false},"featured_media":29514,"template":"","meta":[],"_links":{"self":[{"href":"https:\/\/www.radiomarket.fi\/en\/wp-json\/wp\/v2\/product\/29513"}],"collection":[{"href":"https:\/\/www.radiomarket.fi\/en\/wp-json\/wp\/v2\/product"}],"about":[{"href":"https:\/\/www.radiomarket.fi\/en\/wp-json\/wp\/v2\/types\/product"}],"wp:featuredmedia":[{"embeddable":true,"href":"https:\/\/www.radiomarket.fi\/en\/wp-json\/wp\/v2\/media\/29514"}],"wp:attachment":[{"href":"https:\/\/www.radiomarket.fi\/en\/wp-json\/wp\/v2\/media?parent=29513"}],"curies":[{"name":"wp","href":"https:\/\/api.w.org\/{rel}","templated":true}]}}