{"id":29515,"date":"2021-11-16T14:28:49","date_gmt":"2021-11-16T12:28:49","guid":{"rendered":"https:\/\/www.radiomarket.fi\/?post_type=product&#038;p=29515"},"modified":"2024-01-16T17:00:25","modified_gmt":"2024-01-16T15:00:25","slug":"ekus0405-radiot-lehti-4-2020","status":"publish","type":"product","link":"https:\/\/www.radiomarket.fi\/en\/kohde\/ekus0405-radiot-lehti-4-2020\/","title":{"rendered":"EKUS0405 Radiot-lehti 4\/2020"},"content":{"rendered":"<p>Suomen Radiohistoriallinen Seura ry:n julkaisema 4\/2020 (1.12.2020). Seuran j\u00e4senille lehdist\u00e4 50% j\u00e4senalennus, jos haluat j\u00e4senalennuksen, tiedustele haluamiasi numeroita s\u00e4hk\u00f6postitse.<br \/><br \/><strong>T\u00e4ss\u00e4 numerossa:<\/strong><br \/><br \/>VHS-museo (Heikki Marttila)<br \/>Sotamuseo (Heikki Marttila)<br \/>Radion\u00e4yttely G\u00e5rdskullan museossa Siuntiossa (Heikki Marttila)<br \/>P\u00e4\u00e4kirjoitus (Teppo Gustafsson)<br \/>Kun Ilmavoimat halusi antennin kaataa (Heikki Marttila)<br \/>Peltolan koulu<br \/>Eljot-summerilenn\u00e4tin salli salaamattomat viestit (Reino Janhunen)<br \/>Kipin\u00e4lenn\u00e4ttimest\u00e4 supervastaanottimeen (Martti Susitaival)<br \/>Radioputkia pelon ilmapiiriss\u00e4 (Ilkka Sysil\u00e4)<br \/>DAT. Osa 1 (Eero Aro)<br \/>Kirjat kertovat. Edison, H\u00e4nen el\u00e4m\u00e4ns\u00e4 ja keksint\u00f6ns\u00e4 (Heikki Marttila)<br \/>Kirjat kertovat. Philips taskukirja 1966-67 (Timo Kiiski)<br \/>Kirjat kertovat. Uusi radiokirja (Kari Kallio)<br \/>Kirjat kertovat. Telefunken Technical data (Timo Kiiski)<br \/>Kirjat kertovat. Uusia kytkinkaavoja (Heikki Marttila)<br \/>Lars Ingman \u2013 viimeisi\u00e4 sankareita (Hilve ja Esa Salld\u00e9n)<br \/>Hetki satavuotiaan merkkipaalulla (Reino Janhunen)<br \/>Suomen DX-Liitto (Risto V\u00e4h\u00e4kainu)<br \/>Oy Radioputki Ab:n historiasta kerrottua (Reino Janhunen)<br \/>Suomalaisen insin\u00f6\u00f6rin taidonn\u00e4yte (Reino Janhunen)<br \/><br \/>Varastosaldoon on laskettu uudet ja k\u00e4ytetyt lehdet. Uudet lehdet myyd\u00e4\u00e4n ensin.\u00a0<\/p>","protected":false},"excerpt":{"rendered":"<p>Suomen Radiohistoriallinen Seura ry:n julkaisema 4\/2020 (1.12.2020). Seuran j\u00e4senille lehdist\u00e4 50% j\u00e4senalennus, jos haluat j\u00e4senalennuksen, tiedustele haluamiasi numeroita s\u00e4hk\u00f6postitse.T\u00e4ss\u00e4 numerossa:VHS-museo (Heikki Marttila)Sotamuseo (Heikki Marttila)Radion\u00e4yttely G\u00e5rdskullan museossa Siuntiossa (Heikki Marttila)P\u00e4\u00e4kirjoitus (Teppo Gustafsson)Kun Ilmavoimat halusi antennin kaataa (Heikki Marttila)Peltolan kouluEljot-summerilenn\u00e4tin salli salaamattomat viestit (Reino Janhunen)Kipin\u00e4lenn\u00e4ttimest\u00e4 supervastaanottimeen (Martti Susitaival)Radioputkia pelon ilmapiiriss\u00e4 (Ilkka Sysil\u00e4)DAT. Osa 1 (Eero Aro)Kirjat kertovat. &hellip;<\/p>\n<p class=\"read-more\"> <a class=\"thunk-readmore button\" href=\"https:\/\/www.radiomarket.fi\/en\/kohde\/ekus0405-radiot-lehti-4-2020\/\"> <span class=\"screen-reader-text\">EKUS0405 Radiot-lehti 4\/2020<\/span>Read More<\/a><\/p>","protected":false},"featured_media":29629,"template":"","meta":[],"_links":{"self":[{"href":"https:\/\/www.radiomarket.fi\/en\/wp-json\/wp\/v2\/product\/29515"}],"collection":[{"href":"https:\/\/www.radiomarket.fi\/en\/wp-json\/wp\/v2\/product"}],"about":[{"href":"https:\/\/www.radiomarket.fi\/en\/wp-json\/wp\/v2\/types\/product"}],"wp:featuredmedia":[{"embeddable":true,"href":"https:\/\/www.radiomarket.fi\/en\/wp-json\/wp\/v2\/media\/29629"}],"wp:attachment":[{"href":"https:\/\/www.radiomarket.fi\/en\/wp-json\/wp\/v2\/media?parent=29515"}],"curies":[{"name":"wp","href":"https:\/\/api.w.org\/{rel}","templated":true}]}}